{"id":5730,"date":"2019-03-25T15:13:40","date_gmt":"2019-03-25T13:13:40","guid":{"rendered":"https:\/\/isletgroup.fi\/?page_id=5730"},"modified":"2020-09-01T10:41:50","modified_gmt":"2020-09-01T07:41:50","slug":"erp-for-small-and-medium-sized-enterprises","status":"publish","type":"page","link":"https:\/\/isletgroup.fi\/en\/services\/erp-for-small-and-medium-sized-enterprises\/","title":{"rendered":"ERP for small and medi\u00adum-sized enterprises"},"content":{"rendered":"<p>[et_\u200bpb_\u200bsection fb_built=\u201c1\u201d module_id=\u201cServiceCard1\u201d _builder_version=\u201c3.22\u201d background_color=\u201c#0b6a77\u201d custom_padding=\u201c2px|0px|54px|0px|false|false\u201d][et_pb_row _builder_version=\u201c3.25\u201d background_size=\u201cinitial\u201d background_position=\u201ctop_left\u201d background_repeat=\u201crepeat\u201d][et_pb_column type=\u201c4_4\u201d _builder_version=\u201c3.25\u201d custom_\u200bpadding=\u201d|||\u201d custom_padding__hover=\u201d|||\u201d][et_pb_text _builder_version=\u201c3.27.4\u201d header_text_color=\u201d#ffffff\u201d header_font_size=\u201c40px\u201d]<\/p>\n<h1 style=\"text-align: left;\">ERP for small and medi\u00adum-sized enterprises<\/h1>\n<p>[\/et_pb_text][\/et_pb_column][\/et_pb_row][et_pb_row _builder_version=\u201c3.25\u201d background_size=\u201cinitial\u201d background_position=\u201ctop_left\u201d background_repeat=\u201crepeat\u201d column_structure=\u201c3_4,1_4\u201d][et_pb_column type=\u201c3_4\u201d _builder_version=\u201c3.25\u201d custom_\u200bpadding=\u201d|||\u201d custom_padding__hover=\u201d|||\u201d][et_pb_text _builder_version=\u201c3.27.4\u201d text_text_color=\u201d#ffffff\u201d link_text_color=\u201d#ffffff\u201d background_layout=\u201cdark\u201d]<\/p>\n<pre id=\"tw-target-text\" class=\"tw-data-text tw-text-large tw-ta\" dir=\"ltr\" data-placeholder=\"K\u00e4\u00e4nn\u00f6s\"><\/pre>\n<p>The next gen\u00ader\u00ada\u00adtion <a href=\"https:\/\/www.sap.com\/finland\/products\/business-bydesign.html\" target=\"_blank\" rel=\"noopener\"><strong>SAP Busi\u00adness ByDe\u00adsign<\/strong><\/a> Enter\u00adprise Resource Plan\u00adning (ERP) solu\u00adtion enables small and medi\u00adum-sized enter\u00adpris\u00ades to gain valu\u00adable insight into their busi\u00adness at just the right time and to man\u00adage it with knowl\u00adedge. The solu\u00adtion brings uni\u00adty and cost effi\u00adcien\u00adcy to ERP, enabling growth in new ser\u00advices and busi\u00adness mod\u00adels. Orga\u00adni\u00adza\u00adtions in the SME sec\u00adtor need mod\u00adern enter\u00adprise resource plan\u00adning to main\u00adtain their com\u00adpet\u00adi\u00adtive edge in the dig\u00adi\u00adtal world. SAP Busi\u00adness ByDe\u00adsign deliv\u00aders a&nbsp;sys\u00adtem\u00adat\u00adic and agile ERP, end user needs and mobil\u00adi\u00adty&nbsp;first.<\/p>\n<p>ISLET Group has pack\u00adaged a&nbsp;com\u00adpre\u00adhen\u00adsive ERP sys\u00adtem for two indus\u00adtries: <a href=\"https:\/\/isletgroup.fi\/en\/2019\/06\/28\/smart-production-services\/\"><strong>ISLET SMART PRO\u00adDUC\u00adTION<\/strong><\/a> for man\u00adu\u00adfac\u00adtur\u00ading com\u00adpa\u00adnies and <a href=\"https:\/\/isletgroup.fi\/en\/2019\/06\/28\/smart-professional-services\/\"><strong>ISLET SMART PRO\u00adFES\u00adSION\u00adAL SER\u00adVICES<\/strong><\/a> for project-based busi\u00adness and expert orga\u00adni\u00adza\u00adtions. Both are SAP qual\u00adi\u00adfied part\u00adner solu\u00adtions based on SAP Busi\u00adness ByDe\u00adsign technology.<\/p>\n<p><\/p>\n<p><\/p>\n<div class=\"et_pb_row et_pb_row_2\">\n<div class=\"et_pb_column et_pb_column_4_4 et_pb_column_3 et_pb_css_mix_blend_mode_passthrough et-last-child\">\n<div class=\"et_pb_module et_pb_text et_pb_text_2 et_pb_bg_layout_light et_pb_text_align_left\">\n<div class=\"et_pb_text_inner\">\n<h2>BOOK A&nbsp;<strong>FREE&nbsp;<\/strong><strong>PROCESS&nbsp;<\/strong><strong>DEVEL\u00adOP\u00adMENT&nbsp;<\/strong><strong>WORK\u00adSHOP<\/strong>&nbsp;WHERE WE:<\/h2>\n<\/div>\n<\/div>\n<\/div>\n<\/div>\n<div class=\"et_pb_row et_pb_row_3\">\n<div class=\"et_pb_column et_pb_column_4_4 et_pb_column_4 et_pb_css_mix_blend_mode_passthrough et-last-child\">\n<div class=\"et_pb_module et_pb_text et_pb_text_3 et_pb_bg_layout_light et_pb_text_align_left\">\n<div class=\"et_pb_text_inner\">\n<ul>\n<li>present best prac\u00adtices for process mapping<\/li>\n<li>give you good advice and tips on how to com\u00adplete these processes<\/li>\n<li>share con\u00adcrete prac\u00adti\u00adcal exam\u00adples of process development<\/li>\n<\/ul>\n<\/div>\n<\/div>\n<\/div>\n<\/div>\n<p><\/p>\n<p><br>[\/et_pb_text][et_pb_button button_url=\u201chttps:\/\/isletgroup.fi\/en\/process-development-workshop\/\u201d url_new_window=\u201con\u201d button_text=\u201cBook a&nbsp;work\u00adshop\u201d button_alignment=\u201ccenter\u201d module_class=\u201cCTA_box_salt\u201d _builder_version=\u201c3.16\u201d saved_tabs=\u201call\u201d button_text_size__hover_enabled=\u201coff\u201d button_one_text_size__hover_enabled=\u201coff\u201d button_two_text_size__hover_enabled=\u201coff\u201d button_text_color__hover_enabled=\u201coff\u201d button_one_text_color__hover_enabled=\u201coff\u201d button_two_text_color__hover_enabled=\u201coff\u201d button_border_width__hover_enabled=\u201coff\u201d button_one_border_width__hover_enabled=\u201coff\u201d button_two_border_width__hover_enabled=\u201coff\u201d button_border_color__hover_enabled=\u201coff\u201d button_one_border_color__hover_enabled=\u201coff\u201d button_two_border_color__hover_enabled=\u201coff\u201d button_border_radius__hover_enabled=\u201coff\u201d button_one_border_radius__hover_enabled=\u201coff\u201d button_two_border_radius__hover_enabled=\u201coff\u201d button_letter_spacing__hover_enabled=\u201coff\u201d button_one_letter_spacing__hover_enabled=\u201coff\u201d button_two_letter_spacing__hover_enabled=\u201coff\u201d button_bg_color__hover_enabled=\u201coff\u201d button_one_bg_color__hover_enabled=\u201coff\u201d button_two_bg_color__hover_enabled=\u201coff\u201d][\/et_pb_button][\/et_pb_column][et_pb_column type=\u201c1_4\u201d _builder_version=\u201c3.25\u201d custom_\u200bpadding=\u201d|||\u201d custom_padding__hover=\u201d|||\u201d][et_pb_image src=\u201chttps:\/\/isletgroup.fi\/wp-content\/uploads\/2018\/10\/Jukka_ISLETTER_Kuva.png\u201d align=\u201cright\u201d align_tablet=\u201ccenter\u201d align_last_edited=\u201con|desktop\u201d _builder_version=\u201c4.5.3\u201d hover_enabled=\u201c0\u201d title_text=\u201cJukka_ISLETTER_Kuva\u201d]&nbsp;<br> [\/et_pb_image][et_pb_text _builder_version=\u201c4.5.3\u201d background_layout=\u201cdark\u201d hover_enabled=\u201c0\u201d]<\/p>\n<p style=\"text-align: right;\"><strong>CON\u00adTACT&nbsp;US<br>\n<\/strong>Juk\u00adka Penttinen<br> CBO, Isletter<br>\n<a href=\"mailto:jukka.penttinen@isletgroup.fi\">jukka.\u200bpenttinen@\u200bisletgroup.\u200bfi<\/a><br> +358 40 355&nbsp;1973<\/p>\n<p>[\/et_pb_text][\/et_pb_column][\/et_pb_row][\/et_pb_section][et_pb_section fb_built=\u201c1\u201d module_class=\u201cOtsikkoviiva1_salt\u201d _builder_version=\u201c3.22\u201d background_color=\u201c#0b6a77\u201d custom_padding=\u201c92px||0px|\u201d][et_pb_row _builder_version=\u201c3.25\u201d custom_padding=\u201c26px|0px|0|0px|false|false\u201d column_structure=\u201c1_2,1_2\u201d][et_pb_column type=\u201c1_2\u201d _builder_version=\u201c3.25\u201d custom_\u200bpadding=\u201d|||\u201d custom_padding__hover=\u201d|||\u201d][et_pb_text _builder_version=\u201c3.27.4\u201d text_font=\u201cMontserrat||||||||\u201d header_text_color=\u201d#ffffff\u201d header_font_size=\u201c20px\u201d header_5_font=\u201cMontserrat|300||||on|||\u201d header_5_font_size=\u201c20px\u201d header_5_line_height=\u201c1.7em\u201d]READ MORE<br> [\/et_pb_text][\/et_pb_column][et_pb_column type=\u201c1_2\u201d _builder_version=\u201c3.25\u201d custom_\u200bpadding=\u201d|||\u201d custom_padding__hover=\u201d|||\u201d][et_pb_text module_class=\u201cgreenbg_button\u201d _builder_version=\u201c3.27.4\u201d text_font=\u201cMontserrat|300||||on|||\u201d text_text_color=\u201d#ffffff\u201d text_font_size=\u201c20px\u201d link_font=\u201cMontserrat|300||||on|||\u201d link_font_size=\u201c20px\u201d saved_tabs=\u201call\u201d]<\/p>\n<p style=\"text-align: right;\"><a href=\"https:\/\/isletgroup.fi\/en\/services\/\">\u27a4 OTH\u00adER SERVICES<\/a><\/p>\n<p>[\/et_pb_text][\/et_pb_column][\/et_pb_row][et_pb_row _builder_version=\u201c3.25\u201d custom_padding=\u201c5px|0px|0|0px|false|false\u201d][et_pb_column type=\u201c4_4\u201d _builder_version=\u201c3.25\u201d custom_\u200bpadding=\u201d|||\u201d custom_padding__hover=\u201d|||\u201d][et_pb_divider _builder_version=\u201c3.13.1\u201d]&nbsp;<br> [\/et_pb_divider][et_pb_blog fullwidth=\u201coff\u201d posts_number=\u201c6\u201d include_categories=\u201c771\u201d meta_date=\u201cj.n.Y\u201d show_author=\u201coff\u201d show_categories=\u201coff\u201d show_pagination=\u201coff\u201d masonry_tile_background_color=\u201crgba(0,0,0,0)\u201d _builder_version=\u201c3.13.1\u201d header_text_color=\u201d#ffffff\u201d body_font=\u201cRoboto|300|||||||\u201d body_text_color=\u201d#ffffff\u201d meta_text_color=\u201d#ffffff\u201d border_width_all=\u201c0px\u201d border_color_all=\u201crgba(0,0,0,0)\u201d]&nbsp;<br> [\/et_pb_blog][\/et_pb_column][\/et_pb_row][\/et_pb_section]<\/p>\n","protected":false},"excerpt":{"rendered":"<p>ERP for small and medi\u00adum-sized enter\u00adpris\u00ades The next gen\u00ader\u00ada\u00adtion SAP Busi\u00adness ByDe\u00adsign Enter\u00adprise Resource Plan\u00adning (ERP) solu\u00adtion enables small and medi\u00adum-sized enter\u00adpris\u00ades to gain valu\u00adable insight into their busi\u00adness at just the right time and to man\u00adage it with knowl\u00adedge. The solu\u00adtion brings uni\u00adty and cost effi\u00adcien\u00adcy to ERP, enabling growth in new ser\u00advices&nbsp;and&nbsp;[\u2026]<\/p>\n","protected":false},"author":20,"featured_media":0,"parent":5011,"menu_order":0,"comment_status":"closed","ping_status":"closed","template":"","meta":{"_acf_changed":false,"_et_pb_use_builder":"on","_et_pb_old_content":"","_et_gb_content_width":"","wp_typography_post_enhancements_disabled":false,"footnotes":""},"class_list":["post-5730","page","type-page","status-publish","hentry"],"acf":[],"_links":{"self":[{"href":"https:\/\/isletgroup.fi\/en\/wp-json\/wp\/v2\/pages\/5730","targetHints":{"allow":["GET"]}}],"collection":[{"href":"https:\/\/isletgroup.fi\/en\/wp-json\/wp\/v2\/pages"}],"about":[{"href":"https:\/\/isletgroup.fi\/en\/wp-json\/wp\/v2\/types\/page"}],"author":[{"embeddable":true,"href":"https:\/\/isletgroup.fi\/en\/wp-json\/wp\/v2\/users\/20"}],"replies":[{"embeddable":true,"href":"https:\/\/isletgroup.fi\/en\/wp-json\/wp\/v2\/comments?post=5730"}],"version-history":[{"count":0,"href":"https:\/\/isletgroup.fi\/en\/wp-json\/wp\/v2\/pages\/5730\/revisions"}],"up":[{"embeddable":true,"href":"https:\/\/isletgroup.fi\/en\/wp-json\/wp\/v2\/pages\/5011"}],"wp:attachment":[{"href":"https:\/\/isletgroup.fi\/en\/wp-json\/wp\/v2\/media?parent=5730"}],"curies":[{"name":"wp","href":"https:\/\/api.w.org\/{rel}","templated":true}]}}