{"id":225282,"date":"2022-03-22T14:44:48","date_gmt":"2022-03-22T12:44:48","guid":{"rendered":"https:\/\/isletgroup.fi\/?page_id=225282"},"modified":"2024-08-28T10:32:05","modified_gmt":"2024-08-28T07:32:05","slug":"sap-integration-architect","status":"publish","type":"page","link":"https:\/\/isletgroup.fi\/en\/sap-integration-architect\/","title":{"rendered":"Inte\u00adgra\u00adtion Architect"},"content":{"rendered":"<p>[et_\u200bpb_\u200bsection fb_built=\u201c1\u201d fullwidth=\u201con\u201d _builder_version=\u201c4.16\u201d da_disable_devices=\u201coff|off|off\u201d global_\u200bcolors_\u200binfo=\u201d{}\u201d da_is_popup=\u201coff\u201d da_exit_intent=\u201coff\u201d da_has_close=\u201con\u201d da_alt_close=\u201coff\u201d da_dark_close=\u201coff\u201d da_not_modal=\u201con\u201d da_is_singular=\u201coff\u201d da_with_loader=\u201coff\u201d da_has_shadow=\u201con\u201d][et_pb_fullwidth_image src=\u201chttps:\/\/isletgroup.fi\/wp-content\/uploads\/2020\/12\/Website-header-image-1920x700px.png\u201d alt=\u201cHello, SAP Devel\u00adop\u00ader! Life on Islet is sweet. There\u00adfore, we learn, work hard and have a&nbsp;good time!\u201d title_text=\u201cWebsite head\u00ader image 1920x700px\u201d _builder_version=\u201c4.24.3\u201d hover_enabled=\u201c0\u201d global_\u200bcolors_\u200binfo=\u201d{}\u201d sticky_enabled=\u201c0\u201d][\/et_pb_fullwidth_image][\/et_pb_section][et_pb_section fb_built=\u201c1\u201d _builder_version=\u201c4.16\u201d custom_padding=\u201c0|0px|0px|0px|false|false\u201d da_disable_devices=\u201coff|off|off\u201d global_\u200bcolors_\u200binfo=\u201d{}\u201d da_is_popup=\u201coff\u201d da_exit_intent=\u201coff\u201d da_has_close=\u201con\u201d da_alt_close=\u201coff\u201d da_dark_close=\u201coff\u201d da_not_modal=\u201con\u201d da_is_singular=\u201coff\u201d da_with_loader=\u201coff\u201d da_has_shadow=\u201con\u201d][et_pb_row _builder_version=\u201c4.16\u201d global_colors_info=\u201d{}\u201d][et_pb_column type=\u201c4_4\u201d _builder_version=\u201c4.16\u201d custom_\u200bpadding=\u201d|||\u201d global_\u200bcolors_\u200binfo=\u201d{}\u201d custom_padding__hover=\u201d|||\u201d][et_pb_text _builder_version=\u201c4.16\u201d text_text_color=\u201d#ffffff\u201d header_text_color=\u201d#ffffff\u201d background_color=\u201d#d9424b\u201d custom_padding=\u201c20px||20px|\u201d global_colors_info=\u201d{}\u201d]<\/p>\n<h1 style=\"text-align: center;\">INTE\u00adGRA\u00adTION ARCHITECT<\/h1>\n<p>[\/et_pb_text][\/et_pb_column][\/et_pb_row][et_pb_row _builder_version=\u201c4.16\u201d custom_padding=\u201d||14px|||\u201d global_colors_info=\u201d{}\u201d][et_pb_column type=\u201c4_4\u201d _builder_version=\u201c4.16\u201d custom_\u200bpadding=\u201d|||\u201d global_\u200bcolors_\u200binfo=\u201d{}\u201d custom_padding__hover=\u201d|||\u201d][et_pb_text _builder_version=\u201c4.17.4\u201d custom_margin=\u201c20px|10px|10px|10px\u201d custom_padding=\u201c10px|10px|10px|10px\u201d global_colors_info=\u201d{}\u201d]<\/p>\n<h3>ARE YOU\u2026<\/h3>\n<p><strong>A prob\u00adlem solver, team play\u00ader, and pas\u00adsion\u00adate about new tech\u00adnolo\u00adgies and pro\u00adgram\u00adming? Ready to work on inter\u00adest\u00ading projects that con\u00adtribute to our cus\u00adtomers\u2019 suc\u00adcess by dig\u00adi\u00adtal\u00adiz\u00ading and stream\u00adlin\u00ading their busi\u00adness process\u00ades? We want to make the world bet\u00adter with the lat\u00adest tech\u00adnolo\u00adgies. It is impor\u00adtant for us to live respon\u00adsi\u00adbly and make sus\u00adtain\u00adable solu\u00adtions. We look from a&nbsp;strong bedrock to the hori\u00adzon and think inno\u00adv\u00ada\u00adtive\u00adly and open-mind\u00aded\u00adly. Join our great team and come build our strong growth together!<\/strong><\/p>\n<h3>RESPON\u00adSI\u00adBIL\u00adI\u00adTIES<\/h3>\n<ul>\n<li>Design inte\u00adgra\u00adtions based on cus\u00adtomer&nbsp;needs<\/li>\n<li>Imple\u00adment solu\u00adtions togeth\u00ader with a&nbsp;tech\u00adni\u00adcal expert team that inte\u00adgrates Islet cus\u00adtomers\u2019 sys\u00adtems with SAP and Microsoft technologies<\/li>\n<li>Deliv\u00ader cus\u00adtomer-ori\u00adent\u00aded solu\u00adtions through design\u00ading, prob\u00adlem-solv\u00ading and programming<\/li>\n<\/ul>\n<h3>REQUIRE\u00adMENTS<\/h3>\n<ul>\n<li>Expe\u00adri\u00adence in design\u00ading and devel\u00adop\u00ading inter\u00adfaces with SAP and\/\u200bor Microsoft technologies<\/li>\n<li>Good spo\u00adken and writ\u00adten Eng\u00adlish skills, abil\u00adi\u00adty to work in an inter\u00adna\u00adtion\u00adal environment<\/li>\n<li>Expe\u00adri\u00adence in XML and&nbsp;XSLT<\/li>\n<li>Expe\u00adri\u00adence in writ\u00ading Web Ser\u00advices, REST\u00adFUL, oDa\u00adta or SOAP, as well as expe\u00adri\u00adence writ\u00ading fault-tol\u00ader\u00adant&nbsp;code<\/li>\n<li>Ded\u00adi\u00adca\u00adtion to pro\u00adgram\u00adming, high-qual\u00adi\u00adty team\u00adwork and con\u00adtin\u00adu\u00adous skills &amp;&nbsp;knowl\u00adedge development<\/li>\n<li>Self-dri\u00adven prob\u00adlem solver with high moti\u00adva\u00adtion and good com\u00admu\u00adni\u00adca\u00adtion and pri\u00ador\u00adi\u00adti\u00adza\u00adtion skills<\/li>\n<li>Solu\u00adtion-dri\u00adven atti\u00adtude, work effi\u00adcient\u00adly and com\u00admu\u00adni\u00adcate proac\u00adtive\u00adly with\u00adin inter\u00adna\u00adtion\u00adal team and customers<\/li>\n<li>University\/\u200bCollege Degree<\/li>\n<\/ul>\n<h3>WE APPRE\u00adCI\u00adATE KNOWL\u00adEDGE&nbsp;OF<\/h3>\n<ul>\n<li>ERP sys\u00adtems: SAP ERP, SAP S\/4HANA, SAP Busi\u00adness ByDe\u00adsign, SAP&nbsp;Ariba<\/li>\n<li>Inte\u00adgra\u00adtion tools like SAP PI\/PO, SAP CPI, Azure Log\u00adic Apps, SAP Busi\u00adness Tech\u00adnol\u00ado\u00adgy Platform<\/li>\n<li>Pro\u00adgram\u00adming lan\u00adguage: ABAP, JavaScript, SQL<\/li>\n<\/ul>\n<h3>WHAT WE&nbsp;OFFER<\/h3>\n<ul>\n<li>Inter\u00adest\u00ading and mod\u00adern work\u00ading envi\u00adron\u00adment with inter\u00adna\u00adtion\u00adal cus\u00adtomers from var\u00adi\u00adous industries<\/li>\n<li>Moti\u00advat\u00ading atmos\u00adphere with pas\u00adsion\u00adate, respon\u00adsi\u00adble and sup\u00adport\u00ading col\u00adleagues and management<\/li>\n<li>Excep\u00adtion\u00adal team spir\u00adit \u2013 we have&nbsp;fun!<\/li>\n<li>ISLET\u2019s glob\u00adal net\u00adwork tools and support<\/li>\n<li>Inter\u00adnet benefit<\/li>\n<li>Aun\u00adtie\u2019s men\u00adtal well\u00adbe\u00ading services<\/li>\n<li>Per\u00adma\u00adnent work\u00ading place at a&nbsp;mod\u00adern office in Budapest, Hungary&nbsp;<\/li>\n<li>Flex\u00adi\u00adble work\u00ading time with remote work\u00ading possibility<\/li>\n<li>Pos\u00adsi\u00adbil\u00adi\u00adty to con\u00adtin\u00adu\u00adous\u00adly improve SAP relat\u00aded pro\u00adgram\u00adming skills (SAP certifications)<\/li>\n<li>Long-term career opportunities<\/li>\n<li>Pos\u00adsi\u00adbil\u00adi\u00adty to work abroad if of interest<\/li>\n<\/ul>\n<p><\/p>\n<p>Send your appli\u00adca\u00adtion and CV with the title \u201c<strong>Inte\u00adgra\u00adtion Archi\u00adtect<\/strong>\u201d to <strong><a href=\"mailto:recruitment@isletgroup.fi \">recruitment@\u200bisletgroup.\u200bfi<\/a><\/strong> and we will be in touch. The posi\u00adtion will be filled once the right can\u00addi\u00addate is found, so don\u2019t hesitate!<\/p>\n<p><span class=\"NormalTextRun SCXW144877257 BCX0\">#SAP<\/span><span class=\"NormalTextRun SCXW144877257 BCX0\">&nbsp;#Mic<\/span><span class=\"NormalTextRun SCXW144877257 BCX0\">rosoft<\/span><span class=\"NormalTextRun SCXW144877257 BCX0\"> #inte\u00adgra\u00adtion\u00adar\u00adchi\u00adtect <\/span><span class=\"NormalTextRun SCXW144877257 BCX0\">#sap<\/span><span class=\"NormalTextRun SCXW144877257 BCX0\">inte\u00adgra\u00adtions<\/span><span class=\"NormalTextRun SCXW144877257 BCX0\"> #archi\u00adtec\u00adture <\/span><span class=\"NormalTextRun SCXW144877257 BCX0\">#recruit\u00adment #cloud\u00adERP #SAP\u00adBusi\u00adness\u00adBy\u00adDe\u00adsign #S<\/span><span class=\"NormalTextRun SCXW144877257 BCX0\">\/<\/span><span class=\"NormalTextRun SCXW144877257 BCX0\">4HANA<\/span><span class=\"NormalTextRun SCXW144877257 BCX0\">&nbsp;#Red\u00adBeani\u00adeteam #Islet\u00adters&nbsp;<\/span><\/p>\n<p>[\/et_pb_text][et_pb_text _builder_version=\u201c4.17.4\u201d text_font=\u201d|600||on|||||\u201d text_font_size=\u201c19px\u201d custom_margin=\u201d||3px|\u201d saved_tabs=\u201call\u201d global_colors_info=\u201d{}\u201d]<\/p>\n<div style=\"box-sizing: border-box; font-family: 'Segoe UI', system-ui, 'Apple Color Emoji', 'Segoe UI Emoji', sans-serif;\">Know some\u00adone who might be inter\u00adest\u00aded? Share this position!<\/div>\n<p>[\/et_pb_text][et_pb_sidebar area=\u201cet_pb_widget_area_2\u201d show_border=\u201coff\u201d _builder_version=\u201c4.16\u201d saved_tabs=\u201call\u201d global_colors_info=\u201d{}\u201d][\/et_pb_sidebar][\/et_pb_column][\/et_pb_row][et_pb_row column_structure=\u201c1_4,1_4,1_4,1_4\u201d _builder_version=\u201c4.17.4\u201d background_size=\u201cinitial\u201d background_position=\u201ctop_left\u201d background_repeat=\u201crepeat\u201d custom_padding=\u201d||91px|||\u201d global_colors_info=\u201d{}\u201d][et_pb_column type=\u201c1_4\u201d _builder_version=\u201c4.16\u201d custom_\u200bpadding=\u201d|||\u201d global_\u200bcolors_\u200binfo=\u201d{}\u201d custom_padding__hover=\u201d|||\u201d][\/et_pb_column][et_pb_column type=\u201c1_4\u201d _builder_version=\u201c4.16\u201d custom_\u200bpadding=\u201d|||\u201d global_\u200bcolors_\u200binfo=\u201d{}\u201d custom_padding__hover=\u201d|||\u201d][et_pb_image src=\u201chttps:\/\/isletgroup.fi\/wp-content\/uploads\/2022\/11\/Eriika-Hiltunen-round.png\u201d title_text=\u201cEriika Hiltunen-round\u201d url_new_window=\u201con\u201d align=\u201ccenter\u201d align_tablet=\u201ccenter\u201d align_\u200bphone=\u201d\u201d align_last_edited=\u201con|desktop\u201d _builder_version=\u201c4.17.4\u201d width=\u201c85%\u201d global_colors_info=\u201d{}\u201d][\/et_pb_image][et_pb_text _builder_version=\u201c4.17.4\u201d custom_margin=\u201d|-10px||-30px|false|false\u201d global_colors_info=\u201d{}\u201d]<\/p>\n<p style=\"text-align: center;\">Eri\u00adika Hiltunen<br>Chief Peo\u00adple Offi\u00adcer, Islet\u00adter<br><a href=\"mailto:eriika.hiltunen@isletgroup.fi\">eriika.\u200bhiltunen@\u200bisletgroup.\u200bfi<\/a><br>+358 408 320&nbsp;828<\/p>\n<p>[\/et_pb_text][\/et_pb_column][et_pb_column type=\u201c1_4\u201d _builder_version=\u201c4.16\u201d custom_\u200bpadding=\u201d|||\u201d global_\u200bcolors_\u200binfo=\u201d{}\u201d custom_padding__hover=\u201d|||\u201d][et_pb_text admin_label=\u201cmore infor\u00adma\u00adtion text (fill it if you want to\u201d _builder_version=\u201c4.16\u201d custom_margin=\u201d||40px|||\u201d global_colors_info=\u201d{}\u201d][\/et_pb_text][et_pb_button button_url=\u201cmailto:eriika.hiltunen@isletgroup.fi\u201d url_new_window=\u201con\u201d button_text=\u201cGet in touch to hear more\u201d button_alignment=\u201ccenter\u201d admin_label=\u201cemail\/get in touch but\u00adton\u201d module_class=\u201cCTA_box_bedrock\u201d _builder_version=\u201c4.17.4\u201d custom_margin=\u201c122px||||false|false\u201d global_\u200bcolors_\u200binfo=\u201d{}\u201d button_text_size__hover_enabled=\u201coff\u201d button_one_text_size__hover_enabled=\u201coff\u201d button_two_text_size__hover_enabled=\u201coff\u201d button_text_color__hover_enabled=\u201coff\u201d button_one_text_color__hover_enabled=\u201coff\u201d button_two_text_color__hover_enabled=\u201coff\u201d button_border_width__hover_enabled=\u201coff\u201d button_one_border_width__hover_enabled=\u201coff\u201d button_two_border_width__hover_enabled=\u201coff\u201d button_border_color__hover_enabled=\u201coff\u201d button_one_border_color__hover_enabled=\u201coff\u201d button_two_border_color__hover_enabled=\u201coff\u201d button_border_radius__hover_enabled=\u201coff\u201d button_one_border_radius__hover_enabled=\u201coff\u201d button_two_border_radius__hover_enabled=\u201coff\u201d button_letter_spacing__hover_enabled=\u201coff\u201d button_one_letter_spacing__hover_enabled=\u201coff\u201d button_two_letter_spacing__hover_enabled=\u201coff\u201d button_bg_color__hover_enabled=\u201coff\u201d button_one_bg_color__hover_enabled=\u201coff\u201d button_two_bg_color__hover_enabled=\u201coff\u201d][\/et_pb_button][\/et_pb_column][et_pb_column type=\u201c1_4\u201d _builder_version=\u201c4.16\u201d custom_\u200bpadding=\u201d|||\u201d global_\u200bcolors_\u200binfo=\u201d{}\u201d custom_padding__hover=\u201d|||\u201d][\/et_pb_column][\/et_pb_row][\/et_pb_section]<\/p>\n","protected":false},"excerpt":{"rendered":"<p>INTE\u00adGRA\u00adTION ARCHI\u00adTECTARE YOU\u2026 A&nbsp;prob\u00adlem solver, team play\u00ader, and pas\u00adsion\u00adate about new tech\u00adnolo\u00adgies and pro\u00adgram\u00adming? Ready to work on inter\u00adest\u00ading projects that con\u00adtribute to our cus\u00adtomers\u2019 suc\u00adcess by dig\u00adi\u00adtal\u00adiz\u00ading and stream\u00adlin\u00ading their busi\u00adness process\u00ades? We want to make the world bet\u00adter with the lat\u00adest tech\u00adnolo\u00adgies. It is impor\u00adtant for us to live respon\u00adsi\u00adbly and&nbsp;make&nbsp;[\u2026]<\/p>\n","protected":false},"author":15,"featured_media":0,"parent":0,"menu_order":0,"comment_status":"closed","ping_status":"closed","template":"","meta":{"_acf_changed":false,"_et_pb_use_builder":"on","_et_pb_old_content":"<p>[et_pb_section fb_built=\"1\" fullwidth=\"on\" _builder_version=\"3.22\" global_colors_info=\"{}\"][et_pb_fullwidth_image src=\"https:\/\/isletgroup.fi\/wp-content\/uploads\/2018\/10\/Islet_image_web_header_1920x700_hats_in_air.png\" alt=\"Hello, SAP Developer! Life on Islet is sweet. Therefore, we learn, work hard and have a good time!\" title_text=\"Life on Islet is good!\" _builder_version=\"3.13.1\" global_colors_info=\"{}\"][\/et_pb_fullwidth_image][\/et_pb_section][et_pb_section fb_built=\"1\" _builder_version=\"3.22\" custom_padding=\"0|0px|0px|0px|false|false\" global_colors_info=\"{}\"][et_pb_row _builder_version=\"3.25\" global_colors_info=\"{}\"][et_pb_column type=\"4_4\" _builder_version=\"3.25\" custom_padding=\"|||\" global_colors_info=\"{}\" custom_padding__hover=\"|||\"][et_pb_text _builder_version=\"4.14.8\" text_text_color=\"#ffffff\" header_text_color=\"#ffffff\" background_color=\"#d9424b\" custom_padding=\"20px||20px|\" global_colors_info=\"{}\"]<\/p><h1 style=\"text-align: center;\">SAP INTEGRATION ARCHITECT<\/h1><p>[\/et_pb_text][\/et_pb_column][\/et_pb_row][et_pb_row _builder_version=\"3.25\" global_colors_info=\"{}\"][et_pb_column type=\"4_4\" _builder_version=\"3.25\" custom_padding=\"|||\" global_colors_info=\"{}\" custom_padding__hover=\"|||\"][et_pb_text _builder_version=\"4.14.8\" custom_margin=\"20px|10px|10px|10px\" custom_padding=\"10px|10px|10px|10px\" hover_enabled=\"0\" global_colors_info=\"{}\" sticky_enabled=\"0\"]<\/p><p><strong>Etsimme aitoa, konstailematonta ja eteenp\u00e4in pyrkiv\u00e4\u00e4 SAP Integraatioarkkitehti\u00e4. Kun tulee puhe tulevaisuudesta, harpot pitkin askelin rantaan, hypp\u00e4\u00e4t tottuneesti kivelt\u00e4 toiselle, nostat kiikarit silmille ja katsot horisonttiin. Vaikka et h\u00f6tkyile maailman muuttuessa ymp\u00e4rill\u00e4, olet aina valmis ottamaan uuden vastaan ja avaamaan muille yh\u00e4 laajemman n\u00e4kym\u00e4n. Sinut tunnistaa pilkkeest\u00e4 silm\u00e4kulmassa.<\/strong><\/p><p>\u00a0<\/p><p><strong>Isletterin\u00e4 toivomme<\/strong> sinulta kokemusta integraatioratkaisuista ja arkkitehtuurin suunnittelusta. Arvostamme avoimuutta, motivaatiota ja kyky\u00e4 omaksua uutta. Toivomme sinulla olevan mutkaton kommunikointityyli ja hyv\u00e4t priorisointitaidot, sek\u00e4 itseohjautuva ja joustava ty\u00f6skentelyote. Aito halu auttaa asiakasta ja kyky hoitaa teht\u00e4v\u00e4si laadukkaasti ja ammattitaidolla ovat ty\u00f6ss\u00e4 menestymisesi kulmakivi\u00e4. Olet kiinnostunut pilvipohjaisista teknologioista ja haluat suunnata osaamistasi niihin.<\/p><p><strong>Isletill\u00e4 sinua<\/strong> <strong>odottaa<\/strong> motivoitunut tiimi, monipuoliset teht\u00e4v\u00e4t ja mahdollisuus oppia uutta. SAP Integraatioarkkitehtin\u00e4 ratkaiset asiakkaidemme liiketoiminnan synnytt\u00e4mi\u00e4 tarpeita yhdess\u00e4 muiden Isletterien kanssa. P\u00e4\u00e4set ty\u00f6skentelem\u00e4\u00e4n teknologian aallonharjalla kiinnostavissa projekteissa, joissa annamme sinun k\u00e4denj\u00e4lkesi n\u00e4ky\u00e4. Saat kokea onnistumisen tunteita, l\u00e4mmint\u00e4 ryhm\u00e4henke\u00e4 ja iloisen tekemisen ilmapiirin. Lis\u00e4ksi saarellamme on miellytt\u00e4v\u00e4 ja moderni ty\u00f6ymp\u00e4rist\u00f6, reilu palkitseminen, ja joustavat ty\u00f6ajat. Ty\u00f6ntekij\u00e4mme ovat yrityksemme t\u00e4rkein voimavara ja uskomme, ett\u00e4 hyv\u00e4ll\u00e4 fiiliksell\u00e4 saadaan aikaan paras lopputulos. Jaamme tietotaitoamme, autamme toisiamme ja arvostamme monimuotoisuutta.<\/p><p><strong>EDELLYT\u00c4MME:<\/strong><\/p><ul><li>Kokemusta integraatioiden suunnittelusta ja toteutuksesta SAP:in ja Microsoft:in tuotteilla<\/li><li>Kokemusta WebService, RESTFUL, oData, tai SOAP rajapinnoista<\/li><li>Sujuvaa englannin kielen suullista ja kirjallista taitoa<\/li><li>Erinomaisia tiimity\u00f6skentelytaitoja ja halua kehitty\u00e4 uusimpien teknologioiden parissa<\/li><li>Oma-aloitteista ja itseohjautuvaa ty\u00f6skentelytapaa<\/li><li>Ratkaisukeskeist\u00e4 asennetta ja hyvi\u00e4 priorisointitaitoja<\/li><\/ul><p><strong>ARVOSTAMME KOKEMUSTA:<\/strong><\/p><ul><li>Toiminnanohjausj\u00e4rjestelmist\u00e4: SAP ERP, SAP S\/4HANA, SAP Business ByDesign, SAP Ariba<\/li><li>Integraatioty\u00f6kaluista, kuten SAP PI\/PO, SAP CPI, Azure Logic Apps, SAP Business Technology Platform<\/li><li>Ohjelmointikielist\u00e4, kuten ABAP, JavaScript, SQL, XML ja XSLT<\/li><\/ul><p><strong>TARJOAMME:<\/strong><\/p><ul><li>Motivoitunut tiimi, monipuoliset teht\u00e4v\u00e4t ja mahdollisuus oppia uutta<\/li><li>Matala organisaatiohierarkia ja v\u00e4lit\u00f6n sek\u00e4 l\u00e4mmin ty\u00f6ilmapiiri<\/li><li>Kattavat luontaisedut ja modernit ty\u00f6v\u00e4lineet<\/li><li>Terveysvakuutus<\/li><li>Reilusti tiimiaktiviteetteja ja yhteisi\u00e4 urheilutapahtumia<\/li><li>Joustavat ty\u00f6ajat ja mahdollisuus ty\u00f6skennell\u00e4 mist\u00e4 vain<\/li><li>Miellytt\u00e4v\u00e4 ja moderni ty\u00f6ymp\u00e4rist\u00f6 sek\u00e4 reilu palkitseminen<\/li><li>Mahdollisuus ty\u00f6vaihtoon Budapestin toimistollamme<\/li><\/ul><p>\u00a0<\/p><p>L\u00e4het\u00e4 hakemuksesi ja CV:si otsikolla \u201c<strong>SAP Integraatioarkkitehti \u2013 oma nimi<\/strong>\u201d osoitteeseen <strong><a href=\"mailto:recruitment@isletgroup.fi \">recruitment@isletgroup.fi<\/a><\/strong>\u00a0 ja olemme sinuun yhteydess\u00e4. T\u00e4yt\u00e4mme paikan heti uuden Isletterin l\u00f6ydytty\u00e4, joten jos kiinnostuit, j\u00e4t\u00e4 hakemuksesi mahdollisimman pian.<\/p><p>\u00a0<\/p><p>\u00a0<\/p><p><span class=\"TextRun SCXW144877257 BCX0\" lang=\"FI-FI\" xml:lang=\"FI-FI\" data-contrast=\"auto\"><span class=\"NormalTextRun SCXW144877257 BCX0\">#SAP<\/span><span class=\"NormalTextRun SCXW144877257 BCX0\"> #Mic<\/span><span class=\"NormalTextRun SCXW144877257 BCX0\">rosoft<\/span><span class=\"NormalTextRun SCXW144877257 BCX0\"> #sap<\/span><span class=\"NormalTextRun SCXW144877257 BCX0\">integraatioarkkitehti<\/span><span class=\"NormalTextRun SCXW144877257 BCX0\"> #sap<\/span><span class=\"NormalTextRun SCXW144877257 BCX0\">integrations<\/span><span class=\"NormalTextRun SCXW144877257 BCX0\"> #architect<\/span><span class=\"NormalTextRun SCXW144877257 BCX0\"> #rekrytointi #pilviERP #SAPBusinessByDesign #S<\/span><span class=\"NormalTextRun SCXW144877257 BCX0\">\/<\/span><span class=\"NormalTextRun SCXW144877257 BCX0\">4HANA<\/span><span class=\"NormalTextRun SCXW144877257 BCX0\"> #Ari<\/span><span class=\"NormalTextRun SCXW144877257 BCX0\">ba<\/span> <span class=\"NormalTextRun SCXW144877257 BCX0\">#<\/span><span class=\"NormalTextRun SCXW144877257 BCX0\">recruitment #Beanieteam #Isletters\u00a0<\/span><\/span><span class=\"EOP SCXW144877257 BCX0\" data-ccp-props=\"{\"201341983\":0,\"335559739\":160,\"335559740\":259}\">\u00a0<\/span><\/p><p>\u00a0<\/p><p>[\/et_pb_text][et_pb_text _builder_version=\"4.14.8\" text_font=\"|600||on|||||\" text_font_size=\"19px\" custom_margin=\"||3px|\" saved_tabs=\"all\" global_colors_info=\"{}\"]<\/p><div style=\"box-sizing: border-box; font-family: 'Segoe UI', system-ui, 'Apple Color Emoji', 'Segoe UI Emoji', sans-serif;\">TUNNETKO PAIKASTA KIINNOSTUNEITA? JAA T\u00c4M\u00c4 TY\u00d6PAIKKA!<\/div><p>[\/et_pb_text][et_pb_sidebar area=\"et_pb_widget_area_2\" show_border=\"off\" _builder_version=\"3.13.1\" saved_tabs=\"all\" global_colors_info=\"{}\"][\/et_pb_sidebar][\/et_pb_column][\/et_pb_row][\/et_pb_section]<\/p>","_et_gb_content_width":"","wp_typography_post_enhancements_disabled":false,"footnotes":""},"class_list":["post-225282","page","type-page","status-publish","hentry"],"acf":[],"_links":{"self":[{"href":"https:\/\/isletgroup.fi\/en\/wp-json\/wp\/v2\/pages\/225282","targetHints":{"allow":["GET"]}}],"collection":[{"href":"https:\/\/isletgroup.fi\/en\/wp-json\/wp\/v2\/pages"}],"about":[{"href":"https:\/\/isletgroup.fi\/en\/wp-json\/wp\/v2\/types\/page"}],"author":[{"embeddable":true,"href":"https:\/\/isletgroup.fi\/en\/wp-json\/wp\/v2\/users\/15"}],"replies":[{"embeddable":true,"href":"https:\/\/isletgroup.fi\/en\/wp-json\/wp\/v2\/comments?post=225282"}],"version-history":[{"count":17,"href":"https:\/\/isletgroup.fi\/en\/wp-json\/wp\/v2\/pages\/225282\/revisions"}],"predecessor-version":[{"id":235688,"href":"https:\/\/isletgroup.fi\/en\/wp-json\/wp\/v2\/pages\/225282\/revisions\/235688"}],"wp:attachment":[{"href":"https:\/\/isletgroup.fi\/en\/wp-json\/wp\/v2\/media?parent=225282"}],"curies":[{"name":"wp","href":"https:\/\/api.w.org\/{rel}","templated":true}]}}