{"id":17691,"date":"2021-10-06T15:36:50","date_gmt":"2021-10-06T12:36:50","guid":{"rendered":"https:\/\/isletgroup.fi\/?page_id=17691"},"modified":"2022-03-16T10:27:12","modified_gmt":"2022-03-16T08:27:12","slug":"we-are-islet","status":"publish","type":"page","link":"https:\/\/isletgroup.fi\/en\/we-are-islet\/","title":{"rendered":"WE ARE&nbsp;ISLET"},"content":{"rendered":"<p>[et_\u200bpb_\u200bsection fb_built=\u201c1\u201d fullwidth=\u201con\u201d _builder_version=\u201c4.6.6\u201d _module_preset=\u201cdefault\u201d global_colors_info=\u201d{}\u201d][et_pb_fullwidth_slider use_bg_overlay=\u201coff\u201d disabled_on=\u201con|on|off\u201d admin_label=\u201cFullwidth Slid\u00ader\u201d module_class=\u201cislet-slider-left\u201d _builder_version=\u201c4.6.6\u201d _module_preset=\u201cdefault\u201d body_font=\u201cRoboto|300|||||||\u201d body_text_align=\u201cleft\u201d body_text_color=\u201d#ffffff\u201d body_font_size=\u201c20px\u201d body_line_height=\u201c1.8em\u201d background_enable_image=\u201coff\u201d text_orientation=\u201cleft\u201d module_alignment=\u201cleft\u201d custom_padding=\u201d||||false|false\u201d hover_enabled=\u201c0\u201d custom_css_slide_controllers=\u201d\/*width: 15px;||height: 15px;*\/||border-radius: 50% !impor\u00adtant;\u201d text_shadow_style=\u201cpreset1\u201d text_shadow_color=\u201crgba(0,0,0,0.6)\u201d global_\u200bcolors_\u200binfo=\u201d{}\u201d custom_css_after_last_edited=\u201con|desktop\u201d sticky_enabled=\u201c0\u201d][et_pb_slide heading=\u201cWELCOME TO OUR ISLAND, WEL\u00adCOME TO ISLET\u201d use_bg_overlay=\u201coff\u201d use_text_overlay=\u201con\u201d _builder_version=\u201c4.6.6\u201d _module_preset=\u201cdefault\u201d header_level=\u201ch1\u201d background_image=\u201chttps:\/\/isletgroup.fi\/wp-content\/uploads\/2018\/09\/web-Islet_isletterit_korkeilla_kallioilla_kuvaaja_Hirvela_Heli_2221.jpg\u201d background_enable_image=\u201con\u201d width=\u201c70%\u201d custom_padding=\u201d||||false|false\u201d custom_css_slide_container=\u201d\/*right: 400px;*\/\u201d custom_css_slide_description=\u201ccolor: #fff; ||font-size: 20px; ||font-fam\u00adi\u00adly: \u2018Roboto\u2019, sans-serif; ||font-weight: 300\u201d global_\u200bcolors_\u200binfo=\u201d{}\u201d sticky_transition=\u201con\u201d]<\/p>\n<p><\/p>\n<p style=\"text-align: left;\">We exist for you. Fresh sea air has sea\u00adsoned us and we bring you a&nbsp;dose North\u00adern arc\u00adtic pow\u00ader. ISLET is a&nbsp;strong bedrock in the mid\u00addle of the sea, its dark and smooth rocky shores have been shaped by our 20&nbsp;years of expe\u00adri\u00adence. Orga\u00adni\u00adza\u00adtions\u2019 process\u00ades and their oper\u00ada\u00adtional tech\u00adnol\u00ado\u00adgy sys\u00adtems are like the rich and diverse ecosys\u00adtem under the water\u2019s sur\u00adface. We help you to mas\u00adter the move\u00adments that take place in the depths.<\/p>\n<p style=\"text-align: left;\">Any prob\u00adlem or ques\u00adtions is not too small or big to be answered or solved. We face dif\u00adfer\u00adent con\u00addi\u00adtions and chal\u00adlenges with the calm of a&nbsp;Isletter.<\/p>\n<p style=\"text-align: left;\">Wel\u00adcome to vis\u00adit our ISLET and let\u2019s cre\u00adate the future togeth\u00ader, sustainably.<\/p>\n<p style=\"text-align: right;\"><strong>Let\u2019s go to the&nbsp;shore!&nbsp;\u2192<\/strong><\/p>\n<p>[\/et_pb_slide][et_pb_slide use_bg_overlay=\u201coff\u201d use_text_overlay=\u201con\u201d admin_title=\u201cShore\u201d _builder_version=\u201c4.6.6\u201d _module_preset=\u201cdefault\u201d header_level=\u201ch1\u201d background_image=\u201chttps:\/\/isletgroup.fi\/wp-content\/uploads\/2018\/02\/web-Islet_autetaan_kalliolle_Luoto_Janina_Lindevall_Markus_kuvaaja_Hirvela_Heli_2345.jpg\u201d background_enable_image=\u201con\u201d width=\u201c70%\u201d custom_padding=\u201d||||false|false\u201d custom_css_slide_container=\u201d\/*right: 400px;*\/\u201d custom_css_slide_description=\u201ccolor: #fff; ||font-size: 20px; ||font-fam\u00adi\u00adly: \u2018Roboto\u2019, sans-serif; ||font-weight: 300\u201d text_shadow_style=\u201cpreset1\u201d text_shadow_color=\u201crgba(0,0,0,0.6)\u201d global_\u200bcolors_\u200binfo=\u201d{}\u201d sticky_transition=\u201con\u201d]<\/p>\n<p style=\"text-align: center;\">Expe\u00adri\u00adence how our mar\u00adket lead\u00ading tech\u00adnol\u00ado\u00adgy solu\u00adtions bring wind to your sails. Be sur\u00adprised by how our agile deliv\u00adery mod\u00adel can swift\u00adly bring it to life. We offer arc\u00adtic fresh solu\u00adtions, always.<\/p>\n<p style=\"text-align: right;\"><strong>Take a&nbsp;look at the horizon!&nbsp;\u2192<\/strong><\/p>\n<p>[\/et_pb_slide][et_pb_slide use_bg_overlay=\u201coff\u201d use_text_overlay=\u201con\u201d admin_title=\u201cHorizon\u201d _builder_version=\u201c4.6.6\u201d _module_preset=\u201cdefault\u201d header_level=\u201ch1\u201d background_image=\u201chttps:\/\/isletgroup.fi\/wp-content\/uploads\/2018\/09\/horisontti\u20111.jpg\u201d background_enable_image=\u201con\u201d width=\u201c69%\u201d custom_padding=\u201d||||false|false\u201d custom_css_slide_container=\u201d\/*right: 400px;*\/\u201d custom_css_slide_description=\u201ccolor: #fff; ||font-size: 20px; ||font-fam\u00adi\u00adly: \u2018Roboto\u2019, sans-serif; ||font-weight: 300\u201d global_\u200bcolors_\u200binfo=\u201d{}\u201d sticky_transition=\u201con\u201d]<\/p>\n<p style=\"text-align: left;\">Our exper\u00adtise and tech\u00adnol\u00ado\u00adgy solu\u00adtions pro\u00advide your busi\u00adness clar\u00adi\u00adty and ease. We give you coor\u00addi\u00adnates to suc\u00adcess. We are ISLET so that you can focus on the essen\u00adtial and succeed.<\/p>\n<p style=\"text-align: right;\"><strong>Fol\u00adlow our&nbsp;trail!&nbsp;\u2192<\/strong><\/p>\n<p>[\/et_pb_slide][et_pb_slide use_bg_overlay=\u201coff\u201d use_text_overlay=\u201con\u201d admin_title=\u201cTrail\u201d _builder_version=\u201c4.6.6\u201d _module_preset=\u201cdefault\u201d header_level=\u201ch1\u201d background_image=\u201chttps:\/\/isletgroup.fi\/wp-content\/uploads\/2018\/02\/web-Islet_polku_kuvaaja_Hirvela_Heli_2369.jpg\u201d background_enable_image=\u201con\u201d width=\u201c70%\u201d custom_padding=\u201d||||false|false\u201d custom_css_slide_container=\u201d\/*right: 400px;*\/\u201d custom_css_slide_description=\u201ccolor: #fff; ||font-size: 20px; ||font-fam\u00adi\u00adly: \u2018Roboto\u2019, sans-serif; ||font-weight: 300\u201d global_\u200bcolors_\u200binfo=\u201d{}\u201d sticky_transition=\u201con\u201d]<\/p>\n<p style=\"text-align: center;\">Since the begin\u00adning, we have been a&nbsp;pio\u00adneer in diverse think\u00ading and work\u00ading in the world of tech\u00adnol\u00ado\u00adgy. ISLET glows new era energy.<\/p>\n<p style=\"text-align: right;\"><strong>Join us at the bonfire!&nbsp;\u2192<\/strong><\/p>\n<p>[\/et_pb_slide][et_pb_slide use_bg_overlay=\u201coff\u201d use_text_overlay=\u201con\u201d admin_title=\u201cBonfire\u201d _builder_version=\u201c4.6.6\u201d _module_preset=\u201cdefault\u201d header_level=\u201ch1\u201d background_image=\u201chttps:\/\/isletgroup.fi\/wp-content\/uploads\/2018\/09\/Islet_ryhm\u00e4_nuotiolla_full_screen_kuvaaja_hirvel\u00e4_heli_3003_uusi\u20111.jpg\u201d background_enable_image=\u201con\u201d width=\u201c70%\u201d custom_padding=\u201d||||false|false\u201d custom_css_slide_container=\u201d\/*right: 400px;*\/\u201d custom_css_slide_description=\u201ccolor: #fff; ||font-size: 20px; ||font-fam\u00adi\u00adly: \u2018Roboto\u2019, sans-serif; ||font-weight: 300\u201d global_\u200bcolors_\u200binfo=\u201d{}\u201d sticky_transition=\u201con\u201d]<\/p>\n<p>We are an inter\u00adna\u00adtion\u00adal Finnish fam\u00adi\u00adly busi\u00adness striv\u00ading to make the world a&nbsp;bet\u00adter place with the lat\u00adest tech\u00adnolo\u00adgies. We don\u2019t just speak kind\u00adly \u2013 our val\u00adues are actions.<\/p>\n<p style=\"text-align: right;\"><strong>Come and bask on the bedrock!&nbsp;\u2192<\/strong><\/p>\n<p>[\/et_pb_slide][et_pb_slide use_bg_overlay=\u201coff\u201d use_text_overlay=\u201con\u201d admin_title=\u201cBedrock\u201d _builder_version=\u201c4.6.6\u201d _module_preset=\u201cdefault\u201d header_level=\u201ch1\u201d background_image=\u201chttps:\/\/isletgroup.fi\/wp-content\/uploads\/2018\/09\/Islet_ryhm\u00e4_ylh\u00e4\u00e4lt\u00e4_full_screen_kuvaaja_hirvel\u00e4_heli_DJI_0007.00_03_56_05.Still002\u20111\u2009\u2013\u20091.jpg\u201d background_enable_image=\u201con\u201d width=\u201c70%\u201d custom_padding=\u201d||||false|false\u201d custom_css_slide_container=\u201d\/*right: 400px;*\/\u201d custom_css_slide_description=\u201ccolor: #fff; ||font-size: 20px; ||font-fam\u00adi\u00adly: \u2018Roboto\u2019, sans-serif; ||font-weight: 300\u201d global_\u200bcolors_\u200binfo=\u201d{}\u201d sticky_transition=\u201con\u201d]<\/p>\n<p style=\"text-align: center;\">We grow, we devel\u00adop but our foun\u00adda\u00adtion remains sol\u00adid as a&nbsp;rock. We remem\u00adber our his\u00adto\u00adry even though we are con\u00adstant\u00adly look\u00ading to futures hori\u00adzon. Think more of&nbsp;us!<\/p>\n<p style=\"text-align: right;\"><a href=\"https:\/\/isletgroup.fi\/en\/come-to-islet\/\"><strong>Con\u00adtact our Islet\u00adters<\/strong><\/a><strong>!<\/strong><\/p>\n<p>[\/et_pb_slide][\/et_pb_fullwidth_slider][et_pb_fullwidth_slider use_bg_overlay=\u201coff\u201d disabled_on=\u201coff|off|on\u201d admin_label=\u201cMobile slid\u00ader\u201d _builder_version=\u201c4.14.8\u201d _module_preset=\u201cdefault\u201d body_font=\u201cRoboto|300|||||||\u201d body_text_align=\u201cleft\u201d body_text_color=\u201d#ffffff\u201d body_font_size=\u201c13px\u201d body_line_height=\u201c1.8em\u201d background_enable_image=\u201coff\u201d text_orientation=\u201cleft\u201d custom_padding=\u201d||||false|false\u201d hover_enabled=\u201c0\u201d text_shadow_style=\u201cpreset1\u201d text_shadow_color=\u201crgba(0,0,0,0.6)\u201d global_\u200bcolors_\u200binfo=\u201d{}\u201d custom_css_after_last_edited=\u201con|desktop\u201d header_font_size=\u201c15px\u201d sticky_enabled=\u201c0\u201d][et_pb_slide heading=\u201cWELCOME TO OUR ISLAND, WEL\u00adCOME TO ISLET\u201d use_bg_overlay=\u201coff\u201d use_text_overlay=\u201con\u201d _builder_version=\u201c4.14.8\u201d _module_preset=\u201cdefault\u201d header_level=\u201ch1\u201d background_image=\u201chttps:\/\/isletgroup.fi\/wp-content\/uploads\/2018\/09\/web-Islet_isletterit_korkeilla_kallioilla_kuvaaja_Hirvela_Heli_2221.jpg\u201d background_enable_image=\u201con\u201d width_last_edited=\u201coff|desktop\u201d custom_padding=\u201d||||false|false\u201d hover_enabled=\u201c0\u201d custom_css_slide_description=\u201ccolor: #fff; ||font-size: 20px; ||font-fam\u00adi\u00adly: \u2018Roboto\u2019, sans-serif; ||font-weight: 300\u201d global_\u200bcolors_\u200binfo=\u201d{}\u201d width__hover_enabled=\u201coff|desktop\u201d sticky_transition=\u201con\u201d sticky_enabled=\u201c0\u201d]<\/p>\n<p><\/p>\n<p style=\"text-align: left;\">We exist for you. Fresh sea air has sea\u00adsoned us and we bring you a&nbsp;dose North\u00adern arc\u00adtic pow\u00ader. ISLET is a&nbsp;strong bedrock in the mid\u00addle of the sea, its dark and smooth rocky shores have been shaped by our 20&nbsp;years of expe\u00adri\u00adence. Orga\u00adni\u00adza\u00adtions\u2019 process\u00ades and their oper\u00ada\u00adtional tech\u00adnol\u00ado\u00adgy sys\u00adtems are like the rich and diverse ecosys\u00adtem under the water\u2019s sur\u00adface. We help you to mas\u00adter the move\u00adments that take place in the depths.<\/p>\n<p style=\"text-align: left;\">Any prob\u00adlem or ques\u00adtions is not too small or big to be answered or solved. We face dif\u00adfer\u00adent con\u00addi\u00adtions and chal\u00adlenges with the calm of a&nbsp;Isletter.<\/p>\n<p style=\"text-align: left;\">Wel\u00adcome to vis\u00adit our ISLET and let\u2019s cre\u00adate the future togeth\u00ader, sustainably.<\/p>\n<p style=\"text-align: right;\"><strong>Let\u2019s go to the&nbsp;shore!&nbsp;\u2192<\/strong><\/p>\n<p>[\/et_pb_slide][et_pb_slide use_bg_overlay=\u201coff\u201d use_text_overlay=\u201con\u201d admin_title=\u201cShore\u201d _builder_version=\u201c4.14.8\u201d _module_preset=\u201cdefault\u201d header_level=\u201ch1\u201d background_image=\u201chttps:\/\/isletgroup.fi\/wp-content\/uploads\/2018\/02\/web-Islet_autetaan_kalliolle_Luoto_Janina_Lindevall_Markus_kuvaaja_Hirvela_Heli_2345.jpg\u201d background_enable_image=\u201con\u201d custom_padding=\u201d||||false|false\u201d hover_enabled=\u201c0\u201d custom_css_slide_description=\u201ccolor: #fff; ||font-size: 20px; ||font-fam\u00adi\u00adly: \u2018Roboto\u2019, sans-serif; ||font-weight: 300\u201d text_shadow_style=\u201cpreset1\u201d text_shadow_color=\u201crgba(0,0,0,0.6)\u201d global_\u200bcolors_\u200binfo=\u201d{}\u201d sticky_transition=\u201con\u201d body_font_size=\u201c13px\u201d sticky_enabled=\u201c0\u201d]<\/p>\n<p style=\"text-align: center;\">Expe\u00adri\u00adence how our mar\u00adket lead\u00ading tech\u00adnol\u00ado\u00adgy solu\u00adtions bring wind to your sails. Be sur\u00adprised by how our agile deliv\u00adery mod\u00adel can swift\u00adly bring it to life. We offer arc\u00adtic fresh solu\u00adtions, always.<\/p>\n<p style=\"text-align: right;\"><strong>Take a&nbsp;look at the horizon!&nbsp;\u2192<\/strong><\/p>\n<p>[\/et_pb_slide][et_pb_slide use_bg_overlay=\u201coff\u201d use_text_overlay=\u201con\u201d admin_title=\u201cHorizon\u201d _builder_version=\u201c4.14.8\u201d _module_preset=\u201cdefault\u201d header_level=\u201ch1\u201d background_image=\u201chttps:\/\/isletgroup.fi\/wp-content\/uploads\/2018\/09\/horisontti\u20111.jpg\u201d background_enable_image=\u201con\u201d custom_padding=\u201d||||false|false\u201d hover_enabled=\u201c0\u201d custom_css_slide_description=\u201ccolor: #fff; ||font-size: 20px; ||font-fam\u00adi\u00adly: \u2018Roboto\u2019, sans-serif; ||font-weight: 300\u201d global_\u200bcolors_\u200binfo=\u201d{}\u201d sticky_transition=\u201con\u201d body_font_size=\u201c13px\u201d sticky_enabled=\u201c0\u201d]<\/p>\n<p style=\"text-align: left;\">Our exper\u00adtise and tech\u00adnol\u00ado\u00adgy solu\u00adtions pro\u00advide your busi\u00adness clar\u00adi\u00adty and ease. We give you coor\u00addi\u00adnates to suc\u00adcess. We are ISLET so that you can focus on the essen\u00adtial and succeed.<\/p>\n<p style=\"text-align: right;\"><strong>Fol\u00adlow our&nbsp;trail!&nbsp;\u2192<\/strong><\/p>\n<p>[\/et_pb_slide][et_pb_slide use_bg_overlay=\u201coff\u201d use_text_overlay=\u201con\u201d admin_title=\u201cTrail\u201d _builder_version=\u201c4.14.8\u201d _module_preset=\u201cdefault\u201d header_level=\u201ch1\u201d background_image=\u201chttps:\/\/isletgroup.fi\/wp-content\/uploads\/2018\/02\/web-Islet_polku_kuvaaja_Hirvela_Heli_2369.jpg\u201d background_enable_image=\u201con\u201d custom_padding=\u201d||||false|false\u201d hover_enabled=\u201c0\u201d custom_css_slide_description=\u201ccolor: #fff; ||font-size: 20px; ||font-fam\u00adi\u00adly: \u2018Roboto\u2019, sans-serif; ||font-weight: 300\u201d global_\u200bcolors_\u200binfo=\u201d{}\u201d sticky_transition=\u201con\u201d body_font_size=\u201c13px\u201d sticky_enabled=\u201c0\u201d]<\/p>\n<p style=\"text-align: center;\">Since the begin\u00adning, we have been a&nbsp;pio\u00adneer in diverse think\u00ading and work\u00ading in the world of tech\u00adnol\u00ado\u00adgy. ISLET glows new era of energy.<\/p>\n<p style=\"text-align: right;\"><strong>Join us at the bonfire!&nbsp;\u2192<\/strong><\/p>\n<p>[\/et_pb_slide][et_pb_slide use_bg_overlay=\u201coff\u201d use_text_overlay=\u201con\u201d admin_title=\u201cBonfire\u201d _builder_version=\u201c4.14.8\u201d _module_preset=\u201cdefault\u201d header_level=\u201ch1\u201d background_image=\u201chttps:\/\/isletgroup.fi\/wp-content\/uploads\/2018\/09\/Islet_ryhm\u00e4_nuotiolla_full_screen_kuvaaja_hirvel\u00e4_heli_3003_uusi\u20111.jpg\u201d background_enable_image=\u201con\u201d custom_padding=\u201d||||false|false\u201d hover_enabled=\u201c0\u201d custom_css_slide_description=\u201ccolor: #fff; ||font-size: 20px; ||font-fam\u00adi\u00adly: \u2018Roboto\u2019, sans-serif; ||font-weight: 300\u201d global_\u200bcolors_\u200binfo=\u201d{}\u201d sticky_transition=\u201con\u201d body_font_size=\u201c13px\u201d sticky_enabled=\u201c0\u201d]<\/p>\n<p>We are an inter\u00adna\u00adtion\u00adal Finnish fam\u00adi\u00adly busi\u00adness striv\u00ading to make the world a&nbsp;bet\u00adter place with the lat\u00adest tech\u00adnolo\u00adgies. We don\u2019t just speak kind\u00adly \u2013 our val\u00adues are actions.<\/p>\n<p style=\"text-align: right;\"><strong>Come and bask on the bedrock!&nbsp;\u2192<\/strong><\/p>\n<p>[\/et_pb_slide][et_pb_slide use_bg_overlay=\u201coff\u201d use_text_overlay=\u201con\u201d admin_title=\u201cBedrock\u201d _builder_version=\u201c4.14.8\u201d _module_preset=\u201cdefault\u201d header_level=\u201ch1\u201d background_image=\u201chttps:\/\/isletgroup.fi\/wp-content\/uploads\/2018\/09\/Islet_ryhm\u00e4_ylh\u00e4\u00e4lt\u00e4_full_screen_kuvaaja_hirvel\u00e4_heli_DJI_0007.00_03_56_05.Still002\u20111\u2009\u2013\u20091.jpg\u201d background_enable_image=\u201con\u201d custom_padding=\u201d||||false|false\u201d hover_enabled=\u201c0\u201d custom_css_slide_description=\u201ccolor: #fff; ||font-size: 20px; ||font-fam\u00adi\u00adly: \u2018Roboto\u2019, sans-serif; ||font-weight: 300\u201d global_\u200bcolors_\u200binfo=\u201d{}\u201d sticky_transition=\u201con\u201d body_font_size=\u201c13px\u201d sticky_enabled=\u201c0\u201d]<\/p>\n<p style=\"text-align: center;\">We grow, we devel\u00adop but our foun\u00adda\u00adtion remains sol\u00adid as a&nbsp;rock. We remem\u00adber our his\u00adto\u00adry even though we are con\u00adstant\u00adly look\u00ading to futures hori\u00adzon. Think more of&nbsp;us!<\/p>\n<p style=\"text-align: right;\"><a href=\"https:\/\/isletgroup.fi\/en\/come-to-islet\/\"><strong>Con\u00adtact our Islet\u00adters<\/strong><\/a><strong>!<\/strong><\/p>\n<p>[\/et_pb_slide][\/et_pb_fullwidth_slider][\/et_pb_section][et_pb_section fb_built=\u201c1\u201d disabled_on=\u201con|on|on\u201d module_id=\u201cboat1\u201d module_class=\u201cfull-height\u201d _builder_version=\u201c3.22\u201d background_image=\u201chttps:\/\/isletgroup.fi\/wp-content\/uploads\/2018\/09\/web-Islet_isletterit_korkeilla_kallioilla_kuvaaja_Hirvela_Heli_2221.jpg\u201d parallax=\u201con\u201d custom_padding=\u201c100px|0px|0px|0px\u201d custom_css_main_element=\u201cwidth: 100%;||\/*height: 600px;*\/||margin: 0&nbsp;auto;||\u201d disabled=\u201con\u201d global_colors_info=\u201d{}\u201d][et_pb_row _builder_version=\u201c3.25\u201d background_size=\u201cinitial\u201d background_position=\u201ctop_left\u201d background_repeat=\u201crepeat\u201d global_colors_info=\u201d{}\u201d][et_pb_column type=\u201c4_4\u201d _builder_version=\u201c3.25\u201d custom_\u200bpadding=\u201d|||\u201d global_\u200bcolors_\u200binfo=\u201d{}\u201d custom_padding__hover=\u201d|||\u201d][et_pb_text _builder_version=\u201c3.27.4\u201d header_text_color=\u201d#ffffff\u201d global_colors_info=\u201d{}\u201d]<\/p>\n<h1>Wel\u00adcome to our island, wel\u00adcome to&nbsp;Islet<\/h1>\n<p>[\/et_pb_text][\/et_pb_column][\/et_pb_row][et_pb_row column_structure=\u201c1_2,1_2\u201d make_equal=\u201con\u201d _builder_version=\u201c3.25\u201d module_alignment=\u201ccenter\u201d custom_padding=\u201d|2px|80px|0px\u201d global_colors_info=\u201d{}\u201d][et_pb_column type=\u201c1_2\u201d _builder_version=\u201c3.25\u201d custom_\u200bpadding=\u201d|||\u201d global_\u200bcolors_\u200binfo=\u201d{}\u201d custom_padding__hover=\u201d|||\u201d][et_pb_text module_class=\u201ctekstinosto4_salt_box_bedrock\u201d _builder_version=\u201c4.6.6\u201d text_font=\u201d|||||on|||\u201d text_font_size=\u201c23px\u201d text_line_height=\u201c1.8em\u201d header_text_align=\u201ccenter\u201d text_orientation=\u201ccenter\u201d module_alignment=\u201ccenter\u201d saved_tabs=\u201call\u201d global_colors_info=\u201d{}\u201d]<\/p>\n<p style=\"text-align: left;\">We exist for you. Fresh sea air has sea\u00adsoned us and we bring you a&nbsp;dose North\u00adern arc\u00adtic pow\u00ader. ISLET is a&nbsp;strong bedrock in the mid\u00addle of the sea, its dark and smooth rocky shores have been shaped by our 20&nbsp;years of expe\u00adri\u00adence. Orga\u00adni\u00adza\u00adtions\u2019 process\u00ades and their oper\u00ada\u00adtional tech\u00adnol\u00ado\u00adgy sys\u00adtems are like the rich and diverse ecosys\u00adtem under the water\u2019s sur\u00adface. We help you to mas\u00adter the move\u00adments that take place in the depths.<\/p>\n<p style=\"text-align: left;\">Any prob\u00adlem or ques\u00adtions is not too small or big to be answered or solved. We face dif\u00adfer\u00adent con\u00addi\u00adtions and chal\u00adlenges with the calm of a&nbsp;Isletter.<\/p>\n<p style=\"text-align: left;\">Wel\u00adcome to vis\u00adit our ISLET and let\u2019s cre\u00adate the future togeth\u00ader, sustainably.<\/p>\n<p style=\"text-align: right;\"><strong><a href=\"https:\/\/isletgroup.fi\/en\/shore\/\">Let\u2019s go to the shore<\/a>!<\/strong><\/p>\n<p>[\/et_pb_text][\/et_pb_column][et_pb_column type=\u201c1_2\u201d _builder_version=\u201c3.25\u201d custom_\u200bpadding=\u201d|||\u201d global_\u200bcolors_\u200binfo=\u201d{}\u201d custom_padding__hover=\u201d|||\u201d][\/et_pb_column][\/et_pb_row][\/et_pb_section][et_pb_section fb_built=\u201c1\u201d fullwidth=\u201con\u201d disabled_on=\u201con|on|on\u201d module_class=\u201cIslet2dLevelMenu\u201d _builder_version=\u201c3.13.1\u201d custom_padding=\u201c0|0px|0|0|false|false\u201d custom_\u200bcss_\u200bmain_\u200belement=\u201d posi\u00adtion: fixed;|| back\u00adground-col\u00ador: trans\u00adpar\u00adent;|| top: 100px;|| font-fam\u00adi\u00adly: \u2018Montser\u00adrat\u2019, sans-serif;|| text-align: cen\u00adter;|| bor\u00adder: 0px;|| width:100%;\u201d disabled=\u201con\u201d global_module=\u201c10125\u201d global_colors_info=\u201d{}\u201d][et_pb_fullwidth_menu menu_id=\u201c408\u201d submenu_direction=\u201cdownwards\u201d fullwidth_menu=\u201con\u201d active_link_color=\u201d#ffffff\u201d dropdown_menu_text_color=\u201d#ffffff\u201d mobile_menu_text_color=\u201d#ffffff\u201d _builder_version=\u201c3.13.1\u201d menu_font=\u201cMontserrat|300||||on|||\u201d menu_text_color=\u201d#ffffff\u201d menu_font_size=\u201c20px\u201d background_color=\u201crgba(255,255,255,0)\u201d text_orientation=\u201ccenter\u201d custom_css_before=\u201ctext-align:center;||font-size: 16px;\u201d custom_css_main_element=\u201ctext-align:center;\u201d custom_css_after=\u201ctext-align:center;||font-size: 16px;\u201d custom_css_menu_link=\u201ctext-align:center;||font-size: 16px;\u201d custom_css_active_menu_link=\u201ctext-align:center;||font-size: 16px;||font-weight:bold;\u201d custom_css_dropdown_container=\u201ctext-align:center;||font-size: 16px;||background-color: rgba(51, 51, 51, .9)!important; \/* Back\u00adground col\u00ador drop\u00addown *\/||\/*border-top: 3px sol\u00adid #6d6d6d; \/* Top bor\u00adder col\u00ador drop\u00addown *\/\u201d custom_css_dropdown_links=\u201ctext-align:center;||font-size: 16px;\u201d global_colors_info=\u201d{}\u201d]<\/p>\n<p><\/p>\n<p>[\/et_pb_fullwidth_menu][\/et_pb_section]<\/p>\n","protected":false},"excerpt":{"rendered":"<p>We exist for you. Fresh sea air has sea\u00adsoned us and we bring you a&nbsp;dose North\u00adern arc\u00adtic pow\u00ader. ISLET is a&nbsp;strong bedrock in the mid\u00addle of the sea, its dark and smooth rocky shores have been shaped by our 20&nbsp;years of expe\u00adri\u00adence. Orga\u00adni\u00adza\u00adtions\u2019 process\u00ades and their oper\u00ada\u00adtional tech\u00adnol\u00ado\u00adgy sys\u00adtems are&nbsp;like&nbsp;[\u2026]<\/p>\n","protected":false},"author":15,"featured_media":0,"parent":0,"menu_order":0,"comment_status":"closed","ping_status":"closed","template":"","meta":{"_acf_changed":false,"_et_pb_use_builder":"on","_et_pb_old_content":"","_et_gb_content_width":"","wp_typography_post_enhancements_disabled":false,"footnotes":""},"class_list":["post-17691","page","type-page","status-publish","hentry"],"acf":[],"_links":{"self":[{"href":"https:\/\/isletgroup.fi\/en\/wp-json\/wp\/v2\/pages\/17691","targetHints":{"allow":["GET"]}}],"collection":[{"href":"https:\/\/isletgroup.fi\/en\/wp-json\/wp\/v2\/pages"}],"about":[{"href":"https:\/\/isletgroup.fi\/en\/wp-json\/wp\/v2\/types\/page"}],"author":[{"embeddable":true,"href":"https:\/\/isletgroup.fi\/en\/wp-json\/wp\/v2\/users\/15"}],"replies":[{"embeddable":true,"href":"https:\/\/isletgroup.fi\/en\/wp-json\/wp\/v2\/comments?post=17691"}],"version-history":[{"count":82,"href":"https:\/\/isletgroup.fi\/en\/wp-json\/wp\/v2\/pages\/17691\/revisions"}],"predecessor-version":[{"id":225239,"href":"https:\/\/isletgroup.fi\/en\/wp-json\/wp\/v2\/pages\/17691\/revisions\/225239"}],"wp:attachment":[{"href":"https:\/\/isletgroup.fi\/en\/wp-json\/wp\/v2\/media?parent=17691"}],"curies":[{"name":"wp","href":"https:\/\/api.w.org\/{rel}","templated":true}]}}