{"id":10826,"date":"2020-03-05T15:13:01","date_gmt":"2020-03-05T13:13:01","guid":{"rendered":"https:\/\/isletgroup.fi\/?page_id=10826"},"modified":"2020-03-11T15:48:20","modified_gmt":"2020-03-11T13:48:20","slug":"harjoittelija","status":"publish","type":"page","link":"https:\/\/isletgroup.fi\/en\/jobs\/harjoittelija\/","title":{"rendered":"Har\u00adjoit\u00adteli\u00adja"},"content":{"rendered":"<p>[et_\u200bpb_\u200bsection bb_built=\u201c1\u201d fullwidth=\u201con\u201d _builder_version=\u201c3.0.47\u201d next_background_color=\u201c#000000\u201d][et_pb_fullwidth_image src=\u201chttps:\/\/isletgroup.fi\/wp-content\/uploads\/2019\/08\/1920x700-14.jpg\u201d _builder_version=\u201c3.13.1\u201d]<\/p>\n<p><\/p>\n<p>[\/et_pb_fullwidth_image][\/et_pb_section][et_pb_section bb_built=\u201c1\u201d _builder_version=\u201c3.13.1\u201d prev_background_color=\u201c#000000\u201d][et_pb_row _builder_version=\u201c3.13.1\u201d][et_pb_column type=\u201c4_4\u201d][et_pb_text _builder_version=\u201c3.13.1\u201d text_text_color=\u201d#ffffff\u201d header_text_color=\u201d#ffffff\u201d background_color=\u201d#d9424b\u201d custom_padding=\u201c20px||20px|\u201d]<\/p>\n<h1 style=\"text-align: center;\">SAP INTERN<\/h1>\n<p>[\/et_pb_text][\/et_pb_column][\/et_pb_row][et_pb_row _builder_version=\u201c3.13.1\u201d][et_pb_column type=\u201c4_4\u201d][et_pb_text _builder_version=\u201c3.13.1\u201d]<\/p>\n<p><strong>Want a&nbsp;fast start in tech\u00adnol\u00ado\u00adgy? Thirsty for fresh infor\u00adma\u00adtion and under\u00adstand\u00ading about the indus\u00adtry? As an intern at ISLET you get a&nbsp;vari\u00adety of inter\u00adest\u00ading tasks, whether you are a&nbsp;stu\u00addent or a&nbsp;fresh graduate.<\/strong><\/p>\n<p><strong>As an Islet\u00adter<\/strong>, you show good ini\u00adtia\u00adtive and we appre\u00adci\u00adate your hap\u00adpy atti\u00adtude and gen\u00aduine desire to learn new things. This work requires dili\u00adgence and pre\u00adci\u00adsion, as well as good skills in Word, Pow\u00ader\u00adPoint and Excel. Flu\u00adent writ\u00adten and oral knowl\u00adedge of Eng\u00adlish and Finnish are also need\u00aded among our inter\u00adna\u00adtion\u00adal&nbsp;staff.<\/p>\n<p>Your duties as an Islet\u00adter include web\u00adsite updates, dai\u00adly office work, par\u00adtic\u00adi\u00adpa\u00adtion in var\u00adi\u00adous cam\u00adpaign and project tasks, word pro\u00adcess\u00ading, trans\u00adla\u00adtions, mar\u00adket\u00ading, recruit\u00adment, finan\u00adcial man\u00adage\u00adment, and oth\u00ader busi\u00adness-relat\u00aded assis\u00adtant tasks. Your job descrip\u00adtion will evolve accord\u00ading to your abil\u00adi\u00adties. This posi\u00adtion is per\u00adfect for stu\u00addents and can also be used on a&nbsp;part-time basis.<\/p>\n<p>In addi\u00adtion to a&nbsp;paid intern\u00adship, we offer you an excel\u00adlent oppor\u00adtu\u00adni\u00adty to become famil\u00adiar with the diverse roles of the IT indus\u00adtry in a&nbsp;fast-grow\u00ading tech com\u00adpa\u00adny. You will work in a&nbsp;casu\u00adal, humor\u00adous and pro\u00adfes\u00adsion\u00adal team. Below is a&nbsp;sneak peek of the thoughts of our pre\u00advi\u00adous trainee:<\/p>\n<blockquote><p>\u201c<em>I got to work in a&nbsp;laid-back, youth\u00adful and sup\u00adport\u00adive work com\u00admu\u00adni\u00adty. My job respon\u00adsi\u00adbil\u00adi\u00adties were var\u00adied and as I&nbsp;pro\u00adgressed, I&nbsp;took on more respon\u00adsi\u00adbil\u00adi\u00adties. Dur\u00ading the intern\u00adship I&nbsp;was giv\u00aden the oppor\u00adtu\u00adni\u00adty to work inde\u00adpen\u00addent\u00adly, but sup\u00adport was always close when need\u00aded. The best part was that I&nbsp;was imme\u00addi\u00adate\u00adly tak\u00aden in by the open Islet\u00adter gang.<\/em> \u201d \u2013 Mea, Aal\u00adto University<\/p><\/blockquote>\n<p><\/p>\n<p>Send your appli\u00adca\u00adtion and CV with the title \u201c<strong>SAP Intern<\/strong>\u201d to our COO Hei\u00addi Sin\u00adisa\u00adlo: <a href=\"mailto:heidi.sinisalo@isletgroup.fi\">heidi.\u200bsinisalo@\u200bisletgroup.\u200bfi<\/a> and we will be in touch. The posi\u00adtion will be filled as soon as the new Islet\u00adter is found, so if you are inter\u00adest\u00aded, please sub\u00admit your appli\u00adca\u00adtion as soon as possible.<\/p>\n<p>#SAP #intern\u00adship<\/p>\n<p>[\/et_pb_text][et_pb_text _builder_version=\u201c3.13.1\u201d text_font=\u201d|600||on|||||\u201d text_font_size=\u201c19px\u201d custom_margin=\u201d||3px|\u201d saved_tabs=\u201call\u201d]<\/p>\n<div style=\"box-sizing: border-box; font-family: 'Segoe UI', system-ui, 'Apple Color Emoji', 'Segoe UI Emoji', sans-serif;\">Know some\u00adone who might be inter\u00adest\u00aded? Share this position!<\/div>\n<p>[\/et_pb_text][et_pb_sidebar _builder_version=\u201c3.13.1\u201d area=\u201cet_pb_widget_area_2\u201d show_border=\u201coff\u201d saved_tabs=\u201call\u201d \/][\/et_pb_column][\/et_pb_row][\/et_pb_section]<\/p>\n","protected":false},"excerpt":{"rendered":"<p>SAP INTERN Want a&nbsp;fast start in tech\u00adnol\u00ado\u00adgy? Thirsty for fresh infor\u00adma\u00adtion and under\u00adstand\u00ading about the indus\u00adtry? As an intern at ISLET you get a&nbsp;vari\u00adety of inter\u00adest\u00ading tasks, whether you are a&nbsp;stu\u00addent or a&nbsp;fresh grad\u00adu\u00adate. As an Islet\u00adter, you show good ini\u00adtia\u00adtive and we appre\u00adci\u00adate your hap\u00adpy atti\u00adtude and gen\u00aduine desire&nbsp;[\u2026]<\/p>\n","protected":false},"author":20,"featured_media":0,"parent":5794,"menu_order":0,"comment_status":"closed","ping_status":"closed","template":"","meta":{"_acf_changed":false,"_et_pb_use_builder":"on","_et_pb_old_content":"<p>[et_pb_section bb_built=\"1\" fullwidth=\"on\" _builder_version=\"3.0.47\" next_background_color=\"#000000\"][et_pb_fullwidth_image src=\"https:\/\/isletgroup.fi\/wp-content\/uploads\/2019\/08\/1920x700-14.jpg\" _builder_version=\"3.13.1\"]<\/p><p>\u00a0<\/p><p>[\/et_pb_fullwidth_image][\/et_pb_section][et_pb_section bb_built=\"1\" _builder_version=\"3.13.1\" prev_background_color=\"#000000\"][et_pb_row _builder_version=\"3.13.1\"][et_pb_column type=\"4_4\"][et_pb_text _builder_version=\"3.13.1\" text_text_color=\"#ffffff\" header_text_color=\"#ffffff\" background_color=\"#d9424b\" custom_padding=\"20px||20px|\"]<\/p><h1 style=\"text-align: center;\">HOI TULEVA ISLETTER HARJOITTELIJA!<\/h1><p>[\/et_pb_text][\/et_pb_column][\/et_pb_row][et_pb_row _builder_version=\"3.13.1\"][et_pb_column type=\"4_4\"][et_pb_text _builder_version=\"3.13.1\"]<\/p><p>Haemme ISLETille harjoittelijaa monipuolisiin ja mielenkiintoisiin teht\u00e4viin.<\/p><p>Haluatko p\u00e4\u00e4st\u00e4 testaamaan osaamistasi ja kehittym\u00e4\u00e4n edelleen? Kiinnostaako ty\u00f6skentely teknologia-alan asiantuntijaorganisaatiossa mukavien ty\u00f6kavereiden seurassa? Sattuipa sopivasti! Nyt sinulla on mahdollisuus saada oman alasi arvokasta ty\u00f6harjoittelukokemusta.<\/p><p>Teht\u00e4viisi Isletterin\u00e4 kuuluu muun muassa verkkosivujen p\u00e4ivitt\u00e4mist\u00e4, p\u00e4ivitt\u00e4isi\u00e4 toimistot\u00f6it\u00e4, erilaisiin kampanja -ja projektiteht\u00e4viin osallistumista, tekstink\u00e4sittely\u00e4, k\u00e4\u00e4nn\u00f6ksi\u00e4 ja markkinoinnin, rekrytoinnin, taloushallinnon sek\u00e4 muita liiketoimintaan liittyvi\u00e4 avustavia teht\u00e4vi\u00e4. Ty\u00f6nkuvasi kehittyy kykyjesi mukaan.<\/p><p>Teht\u00e4v\u00e4 soveltuu erinomaisesti opiskelijalle ja siin\u00e4 voi toimia my\u00f6s osa-aikaisesti. Teht\u00e4v\u00e4 on kestoltaan alustavasti vuoden 2020 loppuun asti, mutta lyhyempi harjoittelujakso on my\u00f6s mahdollinen.<\/p><p>Sinulta toivomme<\/p><ul><li>Huolellisuutta ja tarkkuutta<\/li><li>Oma-aloitteisuutta ja aktiivista ty\u00f6otetta<\/li><li>Hyvi\u00e4 Word-, PowerPoint- ja Excel-taitoja<\/li><li>Englannin ja suomen kielen sujuvaa kirjallista ja suullista osaamista<\/li><\/ul><p>Lis\u00e4ksi arvostamme iloista ja reipasta asennetta sek\u00e4 aitoa halua oppia uutta.<\/p><p>Tarjoamme sinulle palkallisen harjoittelun lis\u00e4ksi erinomaisen tilaisuuden p\u00e4\u00e4st\u00e4 perehtym\u00e4\u00e4n monipuolisiin IT-alan teht\u00e4viin kasvavassa teknologiatalossa. P\u00e4\u00e4set ty\u00f6skentelem\u00e4\u00e4n rennossa, huumorintajuisessa ja ammattitaitoisessa tiimiss\u00e4. Alla tuulahdus edellisen harjoittelijmme ajatuksista:<\/p><p><em>\u201c<\/em><em>P\u00e4\u00e4sin tekem\u00e4\u00e4n t\u00f6it\u00e4 rennossa, nuorekkaassa ja kannustavassa ty\u00f6yhteis\u00f6ss\u00e4. Ty\u00f6teht\u00e4v\u00e4t olivat monipuolisia ja kehittyess\u00e4ni sain koko ajan lis\u00e4\u00e4 vastuuta<\/em><em>. Harjoittelun ajan annettiin mahdollisuus ty\u00f6skennell\u00e4 itsen\u00e4isesti, mutta tuki oli aina l\u00e4hell\u00e4 tarvittaessa. Parasta oli, ett\u00e4 m<\/em><em>inut otettiin heti<\/em> <em>avosylin mukaan iloiseen Isletter-jengiin<\/em>.\u201d \u00a0<em>-<\/em><em>Mea, Aalto-yliopisto<\/em><\/p><p>\u00a0<\/p><p>Hakemukset teht\u00e4v\u00e4\u00e4n voi l\u00e4hett\u00e4\u00e4 osoitteeseen <strong><a href=\"mailto:tommi.luoto@isletgroup.fi\">tommi.luoto@isletgroup.fi<\/a><\/strong>\u00a0aiheella \u201dHarjoittelijahaku \u2013 oma nimesi\u201d.<\/p><p>\u00a0<\/p><p>[\/et_pb_text][\/et_pb_column][\/et_pb_row][\/et_pb_section]<\/p>","_et_gb_content_width":"","wp_typography_post_enhancements_disabled":false,"footnotes":""},"class_list":["post-10826","page","type-page","status-publish","hentry"],"acf":[],"_links":{"self":[{"href":"https:\/\/isletgroup.fi\/en\/wp-json\/wp\/v2\/pages\/10826","targetHints":{"allow":["GET"]}}],"collection":[{"href":"https:\/\/isletgroup.fi\/en\/wp-json\/wp\/v2\/pages"}],"about":[{"href":"https:\/\/isletgroup.fi\/en\/wp-json\/wp\/v2\/types\/page"}],"author":[{"embeddable":true,"href":"https:\/\/isletgroup.fi\/en\/wp-json\/wp\/v2\/users\/20"}],"replies":[{"embeddable":true,"href":"https:\/\/isletgroup.fi\/en\/wp-json\/wp\/v2\/comments?post=10826"}],"version-history":[{"count":0,"href":"https:\/\/isletgroup.fi\/en\/wp-json\/wp\/v2\/pages\/10826\/revisions"}],"up":[{"embeddable":true,"href":"https:\/\/isletgroup.fi\/en\/wp-json\/wp\/v2\/pages\/5794"}],"wp:attachment":[{"href":"https:\/\/isletgroup.fi\/en\/wp-json\/wp\/v2\/media?parent=10826"}],"curies":[{"name":"wp","href":"https:\/\/api.w.org\/{rel}","templated":true}]}}