{"id":10820,"date":"2020-03-05T14:38:58","date_gmt":"2020-03-05T12:38:58","guid":{"rendered":"https:\/\/isletgroup.fi\/?page_id=10820"},"modified":"2023-06-27T15:18:33","modified_gmt":"2023-06-27T12:18:33","slug":"open-applicaiton","status":"publish","type":"page","link":"https:\/\/isletgroup.fi\/en\/open-applicaiton\/","title":{"rendered":"Open Appli\u00adca\u00adtion"},"content":{"rendered":"<p>[et_\u200bpb_\u200bsection fb_built=\u201c1\u201d fullwidth=\u201con\u201d _builder_version=\u201c4.16\u201d da_disable_devices=\u201coff|off|off\u201d global_\u200bcolors_\u200binfo=\u201d{}\u201d da_is_popup=\u201coff\u201d da_exit_intent=\u201coff\u201d da_has_close=\u201con\u201d da_alt_close=\u201coff\u201d da_dark_close=\u201coff\u201d da_not_modal=\u201con\u201d da_is_singular=\u201coff\u201d da_with_loader=\u201coff\u201d da_has_shadow=\u201con\u201d][et_pb_fullwidth_image src=\u201chttps:\/\/isletgroup.fi\/wp-content\/uploads\/2018\/09\/Islet_lindqvist_juliana__nikunen_valtteri_700_2852.jpg\u201d _builder_version=\u201c4.16\u201d global_colors_info=\u201d{}\u201d][\/et_pb_fullwidth_image][\/et_pb_section][et_pb_section fb_built=\u201c1\u201d _builder_version=\u201c4.16\u201d da_disable_devices=\u201coff|off|off\u201d global_\u200bcolors_\u200binfo=\u201d{}\u201d da_is_popup=\u201coff\u201d da_exit_intent=\u201coff\u201d da_has_close=\u201con\u201d da_alt_close=\u201coff\u201d da_dark_close=\u201coff\u201d da_not_modal=\u201con\u201d da_is_singular=\u201coff\u201d da_with_loader=\u201coff\u201d da_has_shadow=\u201con\u201d][et_pb_row _builder_version=\u201c4.16\u201d global_colors_info=\u201d{}\u201d][et_pb_column type=\u201c4_4\u201d _builder_version=\u201c4.16\u201d custom_\u200bpadding=\u201d|||\u201d global_\u200bcolors_\u200binfo=\u201d{}\u201d custom_padding__hover=\u201d|||\u201d][et_pb_text _builder_version=\u201c4.16\u201d text_text_color=\u201d#ffffff\u201d header_text_color=\u201d#ffffff\u201d background_color=\u201d#d9424b\u201d custom_padding=\u201c20px||20px|\u201d global_colors_info=\u201d{}\u201d]<\/p>\n<h1 style=\"text-align: center;\">OPEN APPLI\u00adCA\u00adTION<\/h1>\n<p>[\/et_pb_text][\/et_pb_column][\/et_pb_row][et_pb_row _builder_version=\u201c4.16\u201d background_size=\u201cinitial\u201d background_position=\u201ctop_left\u201d background_repeat=\u201crepeat\u201d global_colors_info=\u201d{}\u201d][et_pb_column type=\u201c4_4\u201d _builder_version=\u201c4.16\u201d custom_\u200bpadding=\u201d|||\u201d global_\u200bcolors_\u200binfo=\u201d{}\u201d custom_padding__hover=\u201d|||\u201d][et_pb_text _builder_version=\u201c4.17.4\u201d global_\u200bcolors_\u200binfo=\u201d{}\u201d custom_padding=\u201d||0px|||\u201d]<\/p>\n<p><strong>We are look\u00ading for a&nbsp;gen\u00aduine, <\/strong><strong>hon\u00adest<\/strong><strong> and for\u00adward-look\u00ading <\/strong><strong>tech\u00adnol\u00ado\u00adgy spe\u00adcial\u00adists<\/strong><strong>. You are used to meet\u00ading chal\u00adlenges and sur\u00adviv\u00ading, even when the waves rise high. When <\/strong><strong>talk\u00ading about<\/strong><strong> future, <\/strong><strong>you stride<\/strong><strong> to<\/strong><strong> the<\/strong> <strong>shore<\/strong><strong>, jump\u00ading from one rock to anoth\u00ader, <\/strong><strong>raise your <\/strong><strong>binoc\u00adu\u00adlars and look at the hori\u00adzon. <\/strong><strong>Not fazed<\/strong><strong> as the world changes, you are always ready to take on the new and <\/strong><strong>to <\/strong><strong>ope<\/strong><strong>n<\/strong><strong> a&nbsp;wider <\/strong><strong>view<\/strong><strong> for oth\u00aders. You <\/strong><strong>have a<\/strong> <strong>twin\u00adkle<\/strong> <strong>in your<\/strong><strong> eye.<\/strong><\/p>\n<p><strong>A<\/strong><strong>t Islet you will be greet\u00aded by<\/strong> a&nbsp;moti\u00advat\u00aded team, ver\u00adsa\u00adtile tasks and oppor\u00adtu\u00adni\u00adties to learn new things. As a&nbsp;tech\u00adnol\u00ado\u00adgy expert, you work with oth\u00ader Islet\u00adters to solve the busi\u00adness needs of our cus\u00adtomers. You\u2019ll be work\u00ading with the lat\u00adest tech\u00adnol\u00ado\u00adgy and in inter\u00adest\u00ading projects where you can make an impact. You will expe\u00adri\u00adence suc\u00adcess, a&nbsp;warm team spir\u00adit and a&nbsp;great work\u00ading atmos\u00adphere. Our island offers a&nbsp;pleas\u00adant and mod\u00adern work\u00ading envi\u00adron\u00adment, fair rewards, and flex\u00adi\u00adble work\u00ading hours. Our employ\u00adees are the most impor\u00adtant asset of our com\u00adpa\u00adny and we believe that work\u00ading with a&nbsp;good mood deliv\u00aders the best results. We share our know-how, help each oth\u00ader and val\u00adue diversity.<\/p>\n<h3>WHAT WE&nbsp;OFFER:<\/h3>\n<ul>\n<li>Inter\u00adest\u00ading and mod\u00adern work\u00ading envi\u00adron\u00adment with inter\u00adna\u00adtion\u00adal cus\u00adtomers from var\u00adi\u00adous industries<\/li>\n<li>Moti\u00advat\u00ading atmos\u00adphere with pas\u00adsion\u00adate, respon\u00adsi\u00adble and sup\u00adport\u00ading col\u00adleagues and management<\/li>\n<li>Excep\u00adtion\u00adal team spir\u00adit \u2013 we have&nbsp;fun!<\/li>\n<li>ISLET\u2019s glob\u00adal net\u00adwork tools and support<\/li>\n<li>Inter\u00adnet benefit<\/li>\n<li>Auntie\u2019s men\u00adtal well\u00adbe\u00ading services<\/li>\n<li>Per\u00adma\u00adnent work\u00ading place at a&nbsp;mod\u00adern office in Budapest, Hungary<\/li>\n<li>Flex\u00adi\u00adble work\u00ading time with remote work\u00ading possibility<\/li>\n<li>Pos\u00adsi\u00adbil\u00adi\u00adty to con\u00adtin\u00adu\u00adous\u00adly improve SAP relat\u00aded pro\u00adgram\u00adming skills (SAP certifications)<\/li>\n<li>Long-term career opportunities<\/li>\n<li>Pos\u00adsi\u00adbil\u00adi\u00adty to work abroad if of interest<\/li>\n<\/ul>\n<p>Send your appli\u00adca\u00adtion and CV to: <strong><a href=\"mailto:recruitment@isletgroup.fi\">recruitment@\u200bisletgroup.\u200bfi<\/a><\/strong> and we will be in&nbsp;touch.<\/p>\n<p><span class=\"NormalTextRun SCXW144877257 BCX0\">#SAP<\/span><span class=\"NormalTextRun SCXW144877257 BCX0\">&nbsp;#Mic<\/span><span class=\"NormalTextRun SCXW144877257 BCX0\">rosoft<\/span><span class=\"NormalTextRun SCXW144877257 BCX0\">&nbsp;<\/span><span class=\"NormalTextRun SCXW144877257 BCX0\">#recruit\u00adment<\/span><span class=\"NormalTextRun SCXW144877257 BCX0\">&nbsp;#Red\u00adBeani\u00adeteam #Islet\u00adters&nbsp;<\/span><\/p>\n<p><\/p>\n<p>#Islet\u00adters #recruit\u00ading<\/p>\n<p>[\/et_pb_text][et_pb_text _builder_version=\u201c4.17.4\u201d text_font=\u201d|600||on|||||\u201d text_font_size=\u201c19px\u201d custom_margin=\u201d||3px|\u201d saved_tabs=\u201call\u201d global_colors_info=\u201d{}\u201d]<\/p>\n<div style=\"box-sizing: border-box; font-family: 'Segoe UI', system-ui, 'Apple Color Emoji', 'Segoe UI Emoji', sans-serif;\">Know some\u00adone who might be inter\u00adest\u00aded? Share this position!<\/div>\n<p>[\/et_pb_text][et_pb_sidebar area=\u201cet_pb_widget_area_2\u201d show_border=\u201coff\u201d _builder_version=\u201c4.16\u201d saved_tabs=\u201call\u201d global_colors_info=\u201d{}\u201d][\/et_pb_sidebar][\/et_pb_column][\/et_pb_row][et_pb_row column_structure=\u201c1_4,1_4,1_2\u201d _builder_version=\u201c4.16\u201d background_size=\u201cinitial\u201d background_position=\u201ctop_left\u201d background_repeat=\u201crepeat\u201d global_colors_info=\u201d{}\u201d][et_pb_column type=\u201c1_4\u201d _builder_version=\u201c4.16\u201d custom_\u200bpadding=\u201d|||\u201d global_\u200bcolors_\u200binfo=\u201d{}\u201d custom_padding__hover=\u201d|||\u201d][\/et_pb_column][et_pb_column type=\u201c1_4\u201d _builder_version=\u201c4.16\u201d custom_\u200bpadding=\u201d|||\u201d global_\u200bcolors_\u200binfo=\u201d{}\u201d custom_padding__hover=\u201d|||\u201d][et_pb_image src=\u201chttps:\/\/isletgroup.fi\/wp-content\/uploads\/2022\/11\/Eriika-Hiltunen-round.png\u201d title_text=\u201cEriika Hiltunen-round\u201d url_new_window=\u201con\u201d align=\u201ccenter\u201d align_tablet=\u201ccenter\u201d align_\u200bphone=\u201d\u201d align_last_edited=\u201con|desktop\u201d _builder_version=\u201c4.17.4\u201d width=\u201c85%\u201d global_colors_info=\u201d{}\u201d][\/et_pb_image][et_pb_text _builder_version=\u201c4.17.4\u201d custom_margin=\u201d|-10px||-30px|false|false\u201d global_colors_info=\u201d{}\u201d]<\/p>\n<p style=\"text-align: center;\">Eri\u00adika Hiltunen<br>Chief Peo\u00adple Offi\u00adcer, Islet\u00adter<br><a href=\"mailto:eriika.hiltunen@isletgroup.fi\">eriika.\u200bhiltunen@\u200bisletgroup.\u200bfi<\/a><br>+358 408 320&nbsp;828<\/p>\n<p>[\/et_pb_text][\/et_pb_column][et_pb_column type=\u201c1_2\u201d _builder_version=\u201c4.16\u201d custom_\u200bpadding=\u201d|||\u201d global_\u200bcolors_\u200binfo=\u201d{}\u201d custom_padding__hover=\u201d|||\u201d][et_pb_text admin_label=\u201cmore infor\u00adma\u00adtion text (fill it if you want to\u201d _builder_version=\u201c4.16\u201d custom_margin=\u201d||40px|||\u201d global_colors_info=\u201d{}\u201d][\/et_pb_text][et_pb_button button_url=\u201cmailto:eriika.hiltunen@isletgroup.fi\u201d url_new_window=\u201con\u201d button_text=\u201cGet in touch to hear more\u201d button_alignment=\u201ccenter\u201d admin_label=\u201cemail\/get in touch but\u00adton\u201d module_class=\u201cCTA_box_bedrock\u201d _builder_version=\u201c4.17.4\u201d custom_margin=\u201c140px||||false|false\u201d global_\u200bcolors_\u200binfo=\u201d{}\u201d button_text_size__hover_enabled=\u201coff\u201d button_one_text_size__hover_enabled=\u201coff\u201d button_two_text_size__hover_enabled=\u201coff\u201d button_text_color__hover_enabled=\u201coff\u201d button_one_text_color__hover_enabled=\u201coff\u201d button_two_text_color__hover_enabled=\u201coff\u201d button_border_width__hover_enabled=\u201coff\u201d button_one_border_width__hover_enabled=\u201coff\u201d button_two_border_width__hover_enabled=\u201coff\u201d button_border_color__hover_enabled=\u201coff\u201d button_one_border_color__hover_enabled=\u201coff\u201d button_two_border_color__hover_enabled=\u201coff\u201d button_border_radius__hover_enabled=\u201coff\u201d button_one_border_radius__hover_enabled=\u201coff\u201d button_two_border_radius__hover_enabled=\u201coff\u201d button_letter_spacing__hover_enabled=\u201coff\u201d button_one_letter_spacing__hover_enabled=\u201coff\u201d button_two_letter_spacing__hover_enabled=\u201coff\u201d button_bg_color__hover_enabled=\u201coff\u201d button_one_bg_color__hover_enabled=\u201coff\u201d button_two_bg_color__hover_enabled=\u201coff\u201d][\/et_pb_button][\/et_pb_column][\/et_pb_row][\/et_pb_section]<\/p>\n","protected":false},"excerpt":{"rendered":"<p>OPEN APPLI\u00adCA\u00adTION We are look\u00ading for a&nbsp;gen\u00aduine, hon\u00adest and for\u00adward-look\u00ading tech\u00adnol\u00ado\u00adgy spe\u00adcial\u00adists. You are used to meet\u00ading chal\u00adlenges and sur\u00adviv\u00ading, even when the waves rise high. When talk\u00ading about future, you stride to the shore, jump\u00ading from one rock to anoth\u00ader, raise your binoc\u00adu\u00adlars and look at the hori\u00adzon. Not fazed as the&nbsp;world&nbsp;[\u2026]<\/p>\n","protected":false},"author":20,"featured_media":0,"parent":0,"menu_order":0,"comment_status":"closed","ping_status":"closed","template":"","meta":{"_acf_changed":false,"_et_pb_use_builder":"on","_et_pb_old_content":"<p>[et_pb_section bb_built=\"1\" fullwidth=\"on\" _builder_version=\"3.0.47\" next_background_color=\"#000000\"][et_pb_fullwidth_image src=\"https:\/\/isletgroup.fi\/wp-content\/uploads\/2018\/09\/Islet_lindqvist_juliana__nikunen_valtteri_700_2852.jpg\" _builder_version=\"3.13.1\"] [\/et_pb_fullwidth_image][\/et_pb_section][et_pb_section bb_built=\"1\" _builder_version=\"3.0.47\" prev_background_color=\"#000000\"][et_pb_row _builder_version=\"3.13.1\"][et_pb_column type=\"4_4\"][et_pb_text _builder_version=\"3.13.1\" text_text_color=\"#ffffff\" header_text_color=\"#ffffff\" background_color=\"#d9424b\" custom_padding=\"20px||20px|\"]<\/p><h1 style=\"text-align: center;\">\u00a0AVOIN HAKEMUS ISLETTERIKSI<\/h1><p>[\/et_pb_text][\/et_pb_column][\/et_pb_row][et_pb_row _builder_version=\"3.0.48\" background_size=\"initial\" background_position=\"top_left\" background_repeat=\"repeat\"][et_pb_column type=\"4_4\"][et_pb_text _builder_version=\"3.13.1\"]<\/p><p><strong>Etsimme jatkuvasti uusia Islettereit\u00e4. Olet tottunut vastaamaan haasteisiin ja selviytym\u00e4\u00e4n silloinkin, kun aallot nousevat korkealle. Kun tulee puhe tulevaisuudesta, harpot pitkin askelin rantaan, hypp\u00e4\u00e4t tottuneesti kivelt\u00e4 toiselle, nostat kiikarit silmille ja katsot horisonttiin. Vaikka et h\u00f6tkyile maailman muuttuessa ymp\u00e4rill\u00e4, olet aina valmis ottamaan uuden vastaan ja avaamaan muille yh\u00e4 laajemman n\u00e4kym\u00e4n. Sinut tunnistaa pilkkeest\u00e4 silm\u00e4kulmassa.<\/strong><\/p><p><strong>Isletill\u00e4 sinua odottaa<\/strong> motivoitunut tiimi, monipuoliset teht\u00e4v\u00e4t ja mahdollisuus oppia uutta. SAP-asiantuntijana ratkaiset asiakkaidemme liiketoiminnan synnytt\u00e4mi\u00e4 tarpeita yhdess\u00e4 muiden Isletterien kanssa. P\u00e4\u00e4set ty\u00f6skentelem\u00e4\u00e4n teknologian aallonharjalla kiinnostavissa projekteissa, joissa annamme sinun k\u00e4denj\u00e4lkesi n\u00e4ky\u00e4. Saat kokea onnistumisen tunteita, l\u00e4mmint\u00e4 ryhm\u00e4henke\u00e4 ja iloisen tekemisen ilmapiirin. Lis\u00e4ksi saarellamme on miellytt\u00e4v\u00e4 ja moderni ty\u00f6ymp\u00e4rist\u00f6, reilu palkitseminen, ja joustavat ty\u00f6ajat. Ty\u00f6ntekij\u00e4mme ovat yrityksemme t\u00e4rkein voimavara ja uskomme, ett\u00e4 hyv\u00e4ll\u00e4 fiiliksell\u00e4 saadaan aikaan paras lopputulos. Jaamme tietotaitoamme, autamme toisiamme ja arvostamme monimuotoisuutta.<\/p><p>\u00a0<\/p><p>Jos olet kiinnostunut liittym\u00e4\u00e4n joukkoomme, l\u00e4het\u00e4 avoin hakemuksesi ja CV:si COO Heidi Sinisalolle: <a href=\"mailto:heidi.sinisalo@isletgroup.fi\"><strong>heidi.sinisalo@isletgroup.fi<\/strong><\/a>\u00a0 ja olemme sinuun yhteydess\u00e4.<\/p><p>\u00a0<\/p><p>\u00a0<\/p><p><strong>#SAP #rekrytointi <\/strong><\/p><p>\u00a0<\/p><p>[\/et_pb_text][\/et_pb_column][\/et_pb_row][\/et_pb_section]<\/p>","_et_gb_content_width":"","wp_typography_post_enhancements_disabled":false,"footnotes":""},"class_list":["post-10820","page","type-page","status-publish","hentry"],"acf":[],"_links":{"self":[{"href":"https:\/\/isletgroup.fi\/en\/wp-json\/wp\/v2\/pages\/10820","targetHints":{"allow":["GET"]}}],"collection":[{"href":"https:\/\/isletgroup.fi\/en\/wp-json\/wp\/v2\/pages"}],"about":[{"href":"https:\/\/isletgroup.fi\/en\/wp-json\/wp\/v2\/types\/page"}],"author":[{"embeddable":true,"href":"https:\/\/isletgroup.fi\/en\/wp-json\/wp\/v2\/users\/20"}],"replies":[{"embeddable":true,"href":"https:\/\/isletgroup.fi\/en\/wp-json\/wp\/v2\/comments?post=10820"}],"version-history":[{"count":4,"href":"https:\/\/isletgroup.fi\/en\/wp-json\/wp\/v2\/pages\/10820\/revisions"}],"predecessor-version":[{"id":230320,"href":"https:\/\/isletgroup.fi\/en\/wp-json\/wp\/v2\/pages\/10820\/revisions\/230320"}],"wp:attachment":[{"href":"https:\/\/isletgroup.fi\/en\/wp-json\/wp\/v2\/media?parent=10820"}],"curies":[{"name":"wp","href":"https:\/\/api.w.org\/{rel}","templated":true}]}}