{"id":10814,"date":"2020-03-05T14:32:21","date_gmt":"2020-03-05T12:32:21","guid":{"rendered":"https:\/\/isletgroup.fi\/?page_id=10814"},"modified":"2022-01-04T15:39:03","modified_gmt":"2022-01-04T13:39:03","slug":"sap-specialist","status":"publish","type":"page","link":"https:\/\/isletgroup.fi\/en\/jobs\/sap-specialist\/","title":{"rendered":"SAP Spe\u00adcial\u00adist"},"content":{"rendered":"<p>[et_\u200bpb_\u200bsection fb_built=\u201c1\u201d fullwidth=\u201con\u201d _builder_version=\u201c3.22\u201d global_colors_info=\u201d{}\u201d][et_pb_fullwidth_image src=\u201chttps:\/\/isletgroup.fi\/wp-content\/uploads\/2018\/09\/Islet_lindqvist_juliana__nikunen_valtteri_700_2852.jpg\u201d _builder_version=\u201c3.13.1\u201d global_colors_info=\u201d{}\u201d]&nbsp;<br> [\/et_pb_fullwidth_image][\/et_pb_section][et_pb_section fb_built=\u201c1\u201d _builder_version=\u201c3.22\u201d global_colors_info=\u201d{}\u201d][et_pb_row _builder_version=\u201c3.25\u201d global_colors_info=\u201d{}\u201d][et_pb_column type=\u201c4_4\u201d _builder_version=\u201c3.25\u201d custom_\u200bpadding=\u201d|||\u201d global_\u200bcolors_\u200binfo=\u201d{}\u201d custom_padding__hover=\u201d|||\u201d][et_pb_text _builder_version=\u201c3.27.4\u201d text_text_color=\u201d#ffffff\u201d header_text_color=\u201d#ffffff\u201d background_color=\u201d#d9424b\u201d custom_padding=\u201c20px||20px|\u201d global_colors_info=\u201d{}\u201d]<\/p>\n<h1 style=\"text-align: center;\">SAP SPE\u00adCIAL\u00adIST<\/h1>\n<p>[\/et_pb_text][\/et_pb_column][\/et_pb_row][et_pb_row _builder_version=\u201c3.25\u201d background_size=\u201cinitial\u201d background_position=\u201ctop_left\u201d background_repeat=\u201crepeat\u201d global_colors_info=\u201d{}\u201d][et_pb_column type=\u201c4_4\u201d _builder_version=\u201c3.25\u201d custom_\u200bpadding=\u201d|||\u201d global_\u200bcolors_\u200binfo=\u201d{}\u201d custom_padding__hover=\u201d|||\u201d][et_pb_text _builder_version=\u201c4.14.2\u201d global_colors_info=\u201d{}\u201d]<\/p>\n<p><strong>We are look\u00ading for a&nbsp;gen\u00aduine, <\/strong><strong>hon\u00adest<\/strong><strong> and for\u00adward-look\u00ading <\/strong><strong>SAP Spe\u00adcial\u00adist<\/strong><strong>. You are used to meet\u00ading chal\u00adlenges and sur\u00adviv\u00ading, even when the waves rise high. When <\/strong><strong>talk\u00ading about<\/strong><strong> future, <\/strong><strong>you stride<\/strong><strong> to<\/strong><strong> the<\/strong> <strong>shore<\/strong><strong>, jump\u00ading from one rock to anoth\u00ader, <\/strong><strong>raise your <\/strong><strong>binoc\u00adu\u00adlars and look at the hori\u00adzon. <\/strong><strong>Not fazed<\/strong><strong> as the world changes, you are always ready to take on the new and <\/strong><strong>to <\/strong><strong>ope<\/strong><strong>n<\/strong><strong> a&nbsp;wider <\/strong><strong>view<\/strong><strong> for oth\u00aders. You <\/strong><strong>have a<\/strong> <strong>twin\u00adkle<\/strong> <strong>in your<\/strong><strong> eye.<\/strong><\/p>\n<p><\/p>\n<p><strong>As an Islet\u00adter<\/strong>, you have expe\u00adri\u00adence with SAP tech\u00adnolo\u00adgies and a&nbsp;pas\u00adsion for deep process knowl\u00adedge. We val\u00adue open\u00adness, moti\u00adva\u00adtion and the abil\u00adi\u00adty to absorb new things. We hope you have a&nbsp;straight\u00adfor\u00adward com\u00admu\u00adni\u00adca\u00adtion style and good pri\u00ador\u00adi\u00adti\u00adza\u00adtion skills, as well as a&nbsp;self-direct\u00aded and flex\u00adi\u00adble way of work\u00ading. A&nbsp;gen\u00aduine desire to help the cus\u00adtomer and the abil\u00adi\u00adty to car\u00adry out your tasks with high qual\u00adi\u00adty and pro\u00adfes\u00adsion\u00adal\u00adism are the cor\u00adner\u00adstones of your suc\u00adcess at work. As an SAP spe\u00adcial\u00adist, you work to solve the busi\u00adness needs of your cus\u00adtomers togeth\u00ader with oth\u00ader Islet\u00adters, and are respon\u00adsi\u00adble for a&nbsp;few cus\u00adtomer relationships.<\/p>\n<p><strong>At Islet you will be greet\u00aded by<\/strong> a&nbsp;moti\u00advat\u00aded team, ver\u00adsa\u00adtile tasks and oppor\u00adtu\u00adni\u00adties to learn new things. As an SAP expert, you work with oth\u00ader Islet\u00adters to solve the busi\u00adness needs of our cus\u00adtomers. You\u2019ll be work\u00ading with the lat\u00adest tech\u00adnol\u00ado\u00adgy and in inter\u00adest\u00ading projects where you can make an impact. You will expe\u00adri\u00adence suc\u00adcess, a&nbsp;warm team spir\u00adit and a&nbsp;great work\u00ading atmos\u00adphere. Our island offers a&nbsp;pleas\u00adant and mod\u00adern work\u00ading envi\u00adron\u00adment, fair rewards, and flex\u00adi\u00adble work\u00ading hours. Our employ\u00adees are the most impor\u00adtant asset of our com\u00adpa\u00adny and we believe that work\u00ading with a&nbsp;good mood deliv\u00aders the best results. We share our know-how, help each oth\u00ader and val\u00adue diversity.<\/p>\n<p><\/p>\n<p>Send your appli\u00adca\u00adtion and CV with the title \u201c<strong>SAP Spe\u00adcial\u00adist<\/strong>\u201d to <a href=\"mailto:recruitment@isletgroup.fi\">recruitment@\u200bisletgroup.\u200bfi <\/a> and we will be in touch. The posi\u00adtion will be filled as soon as the new Islet\u00adter is found, so if you are inter\u00adest\u00aded, please sub\u00admit your appli\u00adca\u00adtion as soon as pos\u00adsi\u00adble.&nbsp;<strong>&nbsp;<\/strong><\/p>\n<p><\/p>\n<p>#SAP #SAPlo\u00adgis\u00adti\u00adik\u00adka #SAPlo\u00adgis\u00adtics #taloushallinto #rekry\u00adtoin\u00adti #fiori #S\/4HANA <strong>&nbsp;<\/strong><\/p>\n<p>[\/et_pb_text][et_pb_text _builder_version=\u201c3.27.4\u201d text_font=\u201d|600||on|||||\u201d text_font_size=\u201c19px\u201d custom_margin=\u201d||3px|\u201d saved_tabs=\u201call\u201d global_colors_info=\u201d{}\u201d]<\/p>\n<div style=\"box-sizing: border-box; font-family: 'Segoe UI', system-ui, 'Apple Color Emoji', 'Segoe UI Emoji', sans-serif;\">Know some\u00adone who might be inter\u00adest\u00aded? Share this position!<\/div>\n<p>[\/et_pb_text][et_pb_sidebar area=\u201cet_pb_widget_area_2\u201d show_border=\u201coff\u201d _builder_version=\u201c3.13.1\u201d saved_tabs=\u201call\u201d global_colors_info=\u201d{}\u201d][\/et_pb_sidebar][\/et_pb_column][\/et_pb_row][\/et_pb_section]<\/p>\n","protected":false},"excerpt":{"rendered":"<p>SAP SPE\u00adCIAL\u00adIST We are look\u00ading for a&nbsp;gen\u00aduine, hon\u00adest and for\u00adward-look\u00ading SAP Spe\u00adcial\u00adist. You are used to meet\u00ading chal\u00adlenges and sur\u00adviv\u00ading, even when the waves rise high. When talk\u00ading about future, you stride to the shore, jump\u00ading from one rock to anoth\u00ader, raise your binoc\u00adu\u00adlars and look at the hori\u00adzon. Not fazed as&nbsp;the&nbsp;[\u2026]<\/p>\n","protected":false},"author":20,"featured_media":0,"parent":5794,"menu_order":0,"comment_status":"closed","ping_status":"closed","template":"","meta":{"_acf_changed":false,"_et_pb_use_builder":"on","_et_pb_old_content":"<p>[et_pb_section bb_built=\"1\" fullwidth=\"on\" _builder_version=\"3.0.47\" next_background_color=\"#000000\"][et_pb_fullwidth_image src=\"https:\/\/isletgroup.fi\/wp-content\/uploads\/2018\/09\/Islet_lindqvist_juliana__nikunen_valtteri_700_2852.jpg\" _builder_version=\"3.13.1\"]<\/p><p>\u00a0<\/p><p>[\/et_pb_fullwidth_image][\/et_pb_section][et_pb_section bb_built=\"1\" _builder_version=\"3.0.47\" prev_background_color=\"#000000\"][et_pb_row _builder_version=\"3.13.1\"][et_pb_column type=\"4_4\"][et_pb_text _builder_version=\"3.13.1\" text_text_color=\"#ffffff\" header_text_color=\"#ffffff\" background_color=\"#d9424b\" custom_padding=\"20px||20px|\"]<\/p><h1 style=\"text-align: center;\">\u00a0SAP-ASIANTUNTIJA<\/h1><p>[\/et_pb_text][\/et_pb_column][\/et_pb_row][et_pb_row _builder_version=\"3.0.48\" background_size=\"initial\" background_position=\"top_left\" background_repeat=\"repeat\"][et_pb_column type=\"4_4\"][et_pb_text _builder_version=\"3.13.1\"]<\/p><p><strong>Etsimme aitoa, konstailematonta ja eteenp\u00e4in pyrkiv\u00e4\u00e4 SAP-asiantuntijaa. Olet tottunut vastaamaan haasteisiin ja selviytym\u00e4\u00e4n silloinkin, kun aallot nousevat korkealle. Kun tulee puhe tulevaisuudesta, harpot pitkin askelin rantaan, hypp\u00e4\u00e4t tottuneesti kivelt\u00e4 toiselle, nostat kiikarit silmille ja katsot horisonttiin. Vaikka et h\u00f6tkyile maailman muuttuessa ymp\u00e4rill\u00e4, olet aina valmis ottamaan uuden vastaan ja avaamaan muille yh\u00e4 laajemman n\u00e4kym\u00e4n. Sinut tunnistaa pilkkeest\u00e4 silm\u00e4kulmassa.<\/strong><\/p><p>\u00a0<\/p><p><strong>Isletterin\u00e4 toivomme sinulta<\/strong> kokemusta SAP-teknologioista ja intohimoa prosessien syv\u00e4osaamiseen. Arvostamme avoimuutta, motivaatiota ja kyky\u00e4 omaksua uutta. Toivomme sinulla olevan mutkaton kommunikointityyli ja hyv\u00e4t priorisointitaidot, sek\u00e4 itseohjautuva ja joustava ty\u00f6skentelyote. Aito halu auttaa asiakasta ja kyky hoitaa teht\u00e4v\u00e4si laadukkaasti ja ammattitaidolla ovat ty\u00f6ss\u00e4 menestymisesi kulmakivi\u00e4. SAP-asiantuntijana ratkaiset asiakkaidemme liiketoiminnan synnytt\u00e4mi\u00e4 tarpeita yhdess\u00e4 muiden Isletterien kanssa sek\u00e4 vastaat muutamasta asiakkuudesta itsen\u00e4isesti.<\/p><p><strong>Isletill\u00e4 sinua odottaa<\/strong> motivoitunut tiimi, monipuoliset teht\u00e4v\u00e4t ja mahdollisuus oppia uutta. SAP-asiantuntijana ratkaiset asiakkaidemme liiketoiminnan synnytt\u00e4mi\u00e4 tarpeita yhdess\u00e4 muiden Isletterien kanssa. P\u00e4\u00e4set ty\u00f6skentelem\u00e4\u00e4n teknologian aallonharjalla kiinnostavissa projekteissa, joissa annamme sinun k\u00e4denj\u00e4lkesi n\u00e4ky\u00e4. Saat kokea onnistumisen tunteita, l\u00e4mmint\u00e4 ryhm\u00e4henke\u00e4 ja iloisen tekemisen ilmapiirin. Lis\u00e4ksi saarellamme on miellytt\u00e4v\u00e4 ja moderni ty\u00f6ymp\u00e4rist\u00f6, reilu palkitseminen, ja joustavat ty\u00f6ajat. Ty\u00f6ntekij\u00e4mme ovat yrityksemme t\u00e4rkein voimavara ja uskomme, ett\u00e4 hyv\u00e4ll\u00e4 fiiliksell\u00e4 saadaan aikaan paras lopputulos. Jaamme tietotaitoamme, autamme toisiamme ja arvostamme monimuotoisuutta.<\/p><p>\u00a0<\/p><p>L\u00e4het\u00e4 hakemuksesi ja CV:si otsikolla \u201c<strong>SAP-asiantuntija<\/strong>\u201d COO Heidi Sinisalolle: <strong><a href=\"mailto:heidi.sinisalo@isletgroup.fi\">heidi.sinisalo@isletgroup.fi<\/a><\/strong>\u00a0 ja olemme sinuun yhteydess\u00e4. T\u00e4yt\u00e4mme paikan heti uuden Isletterin l\u00f6ydytty\u00e4, joten jos kiinnostuit j\u00e4t\u00e4 hakemuksesi mahdollisimman pian.<\/p><p><strong>\u00a0<\/strong><\/p><p>\u00a0<\/p><p>[\/et_pb_text][\/et_pb_column][\/et_pb_row][\/et_pb_section]<\/p>","_et_gb_content_width":"","wp_typography_post_enhancements_disabled":false,"footnotes":""},"class_list":["post-10814","page","type-page","status-publish","hentry"],"acf":[],"_links":{"self":[{"href":"https:\/\/isletgroup.fi\/en\/wp-json\/wp\/v2\/pages\/10814","targetHints":{"allow":["GET"]}}],"collection":[{"href":"https:\/\/isletgroup.fi\/en\/wp-json\/wp\/v2\/pages"}],"about":[{"href":"https:\/\/isletgroup.fi\/en\/wp-json\/wp\/v2\/types\/page"}],"author":[{"embeddable":true,"href":"https:\/\/isletgroup.fi\/en\/wp-json\/wp\/v2\/users\/20"}],"replies":[{"embeddable":true,"href":"https:\/\/isletgroup.fi\/en\/wp-json\/wp\/v2\/comments?post=10814"}],"version-history":[{"count":2,"href":"https:\/\/isletgroup.fi\/en\/wp-json\/wp\/v2\/pages\/10814\/revisions"}],"predecessor-version":[{"id":224014,"href":"https:\/\/isletgroup.fi\/en\/wp-json\/wp\/v2\/pages\/10814\/revisions\/224014"}],"up":[{"embeddable":true,"href":"https:\/\/isletgroup.fi\/en\/wp-json\/wp\/v2\/pages\/5794"}],"wp:attachment":[{"href":"https:\/\/isletgroup.fi\/en\/wp-json\/wp\/v2\/media?parent=10814"}],"curies":[{"name":"wp","href":"https:\/\/api.w.org\/{rel}","templated":true}]}}