{"id":10809,"date":"2020-03-05T14:27:17","date_gmt":"2020-03-05T12:27:17","guid":{"rendered":"https:\/\/isletgroup.fi\/?page_id=10809"},"modified":"2023-06-27T14:17:43","modified_gmt":"2023-06-27T11:17:43","slug":"sap-logistics-consultant","status":"publish","type":"page","link":"https:\/\/isletgroup.fi\/en\/sap-logistics-consultant\/","title":{"rendered":"SAP Logis\u00adtics Consultant"},"content":{"rendered":"<p>[et_\u200bpb_\u200bsection fb_built=\u201c1\u201d fullwidth=\u201con\u201d _builder_version=\u201c4.16\u201d global_\u200bcolors_\u200binfo=\u201d{}\u201d da_is_popup=\u201coff\u201d da_exit_intent=\u201coff\u201d da_has_close=\u201con\u201d da_alt_close=\u201coff\u201d da_dark_close=\u201coff\u201d da_not_modal=\u201con\u201d da_is_singular=\u201coff\u201d da_with_loader=\u201coff\u201d da_has_shadow=\u201con\u201d da_disable_devices=\u201coff|off|off\u201d][et_pb_fullwidth_image src=\u201chttps:\/\/isletgroup.fi\/wp-content\/uploads\/2018\/09\/Islet_lindqvist_juliana__nikunen_valtteri_700_2852.jpg\u201d _builder_version=\u201c4.16\u201d global_colors_info=\u201d{}\u201d][\/et_pb_fullwidth_image][\/et_pb_section][et_pb_section fb_built=\u201c1\u201d _builder_version=\u201c4.16\u201d global_\u200bcolors_\u200binfo=\u201d{}\u201d da_is_popup=\u201coff\u201d da_exit_intent=\u201coff\u201d da_has_close=\u201con\u201d da_alt_close=\u201coff\u201d da_dark_close=\u201coff\u201d da_not_modal=\u201con\u201d da_is_singular=\u201coff\u201d da_with_loader=\u201coff\u201d da_has_shadow=\u201con\u201d da_disable_devices=\u201coff|off|off\u201d][et_pb_row _builder_version=\u201c4.16\u201d global_colors_info=\u201d{}\u201d][et_pb_column type=\u201c4_4\u201d _builder_version=\u201c4.16\u201d custom_\u200bpadding=\u201d|||\u201d global_\u200bcolors_\u200binfo=\u201d{}\u201d custom_padding__hover=\u201d|||\u201d][et_pb_text _builder_version=\u201c4.16\u201d text_text_color=\u201d#ffffff\u201d header_text_color=\u201d#ffffff\u201d background_color=\u201d#d9424b\u201d custom_padding=\u201c20px||20px|\u201d global_colors_info=\u201d{}\u201d]<\/p>\n<h1 style=\"text-align: center;\">SAP LOGIS\u00adTICS CONSULTANT<\/h1>\n<p>[\/et_pb_text][\/et_pb_column][\/et_pb_row][et_pb_row _builder_version=\u201c4.16\u201d background_size=\u201cinitial\u201d background_position=\u201ctop_left\u201d background_repeat=\u201crepeat\u201d global_colors_info=\u201d{}\u201d][et_pb_column type=\u201c4_4\u201d _builder_version=\u201c4.16\u201d custom_\u200bpadding=\u201d|||\u201d global_\u200bcolors_\u200binfo=\u201d{}\u201d custom_padding__hover=\u201d|||\u201d][et_pb_text _builder_version=\u201c4.16\u201d global_colors_info=\u201d{}\u201d]<\/p>\n<p><strong>We are look\u00ading for a&nbsp;gen\u00aduine, hon\u00adest and for\u00adward-look\u00ading SAP Logis\u00adtics Con\u00adsul\u00adtant. You are used to meet\u00ading chal\u00adlenges and sur\u00adviv\u00ading, even when the waves rise high. When talk\u00ading about future, you stride to the shore, jump\u00ading from one rock to anoth\u00ader, raise your binoc\u00adu\u00adlars and look at the hori\u00adzon. Not fazed as the world changes, you are always ready to take on the new and to open a&nbsp;wider view for oth\u00aders. You have a&nbsp;twin\u00adkle in your&nbsp;eye.<\/strong><\/p>\n<p><strong>As an Islet\u00adter,<\/strong> you have expe\u00adri\u00adence in SAP Logis\u00adtics and a&nbsp;pas\u00adsion for deep exper\u00adtise in pro\u00adcure\u00adment, sales, pro\u00adduc\u00adtion, inven\u00adto\u00adry and\/\u200bor sup\u00adply chain man\u00adage\u00adment. We val\u00adue open\u00adness, moti\u00adva\u00adtion, and the abil\u00adi\u00adty to absorb new things. We hope you have a&nbsp;straight\u00adfor\u00adward com\u00admu\u00adni\u00adca\u00adtion style and good pri\u00ador\u00adi\u00adti\u00adza\u00adtion skills, as well as a&nbsp;self-direct\u00aded and flex\u00adi\u00adble way of work\u00ading. A&nbsp;gen\u00aduine desire to help the cus\u00adtomer and the abil\u00adi\u00adty to car\u00adry out your tasks with high qual\u00adi\u00adty and pro\u00adfes\u00adsion\u00adal\u00adism are the cor\u00adner\u00adstones of your suc\u00adcess at work. You have an inter\u00adest in cloud-based tech\u00adnolo\u00adgies and will\u00ading\u00adness to focus your exper\u00adtise on&nbsp;them.<\/p>\n<p><strong>At Islet you will be greet\u00aded by<\/strong> a&nbsp;moti\u00advat\u00aded team, ver\u00adsa\u00adtile tasks, and oppor\u00adtu\u00adni\u00adties to learn new things. As an SAP Logis\u00adtics Con\u00adsul\u00adtant, you work with oth\u00ader Islet\u00adters to solve the busi\u00adness needs of our cus\u00adtomers. You\u2019ll be work\u00ading with the lat\u00adest tech\u00adnol\u00ado\u00adgy and in inter\u00adest\u00ading projects where you can make an impact. You will expe\u00adri\u00adence suc\u00adcess, a&nbsp;warm team spir\u00adit and a&nbsp;great work\u00ading atmos\u00adphere. Our island offers a&nbsp;pleas\u00adant and mod\u00adern work\u00ading envi\u00adron\u00adment, fair rewards, and flex\u00adi\u00adble work\u00ading hours. Our employ\u00adees are the most impor\u00adtant asset of our com\u00adpa\u00adny and we believe that work\u00ading with a&nbsp;good mood deliv\u00aders the best results. We share our know-how, help each oth\u00ader and val\u00adue diversity.<\/p>\n<h3>WHAT WE&nbsp;OFFER<\/h3>\n<ul>\n<li>Pos\u00adsi\u00adbil\u00adi\u00adty to work with the lat\u00adest tech\u00adnolo\u00adgies and to improve SAP and Microsoft relat\u00aded cloud-based solu\u00adtion skills<\/li>\n<li>Inter\u00adest\u00ading and mod\u00adern work\u00ading envi\u00adron\u00adment with inter\u00adna\u00adtion\u00adal cus\u00adtomers from var\u00adi\u00adous industries<\/li>\n<li>Moti\u00advat\u00ading atmos\u00adphere with pas\u00adsion\u00adate, respon\u00adsi\u00adble and sup\u00adport\u00ading col\u00adleagues and management<\/li>\n<li>Excep\u00adtion\u00adal\u00adly high team spir\u00adit \u2013 we have&nbsp;fun!<\/li>\n<li>Islet\u2019 glob\u00adal net\u00adwork tools and support<\/li>\n<li>Work place at a&nbsp;mod\u00adern office in Budapest, Hungary<\/li>\n<li>Flex\u00adi\u00adble work\u00ading time with remote work\u00ading pos\u00adsi\u00adbil\u00adi\u00adty (hybrid)<\/li>\n<li>Long-term career opportunities<\/li>\n<li>Pos\u00adsi\u00adbil\u00adi\u00adty to work abroad if of interest<\/li>\n<\/ul>\n<p><\/p>\n<p>Send your appli\u00adca\u00adtion and CV with the title \u201c<strong>SAP Logis\u00adtics Con\u00adsul\u00adtant\u2009\u2014\u2009your name<\/strong>\u201d to <strong><a href=\"mailto:recruitment@isletgroup.fi\"><u>recruitment@\u200bisletgroup.\u200bfi<\/u><\/a> <\/strong>and we will be in touch. The posi\u00adtion will be filled as soon as the new Islet\u00adter is found, so if you are inter\u00adest\u00aded, please sub\u00admit your appli\u00adca\u00adtion as soon as possible.<\/p>\n<p><\/p>\n<p>#SAP #SAPLo\u00adgis\u00adtics #Finance #recruit\u00adment #Fiori #S\/4HANA #Red\u00adBeani\u00adeTeam #Islet\u00adters<\/p>\n<p>[\/et_pb_text][et_pb_text _builder_version=\u201c4.16\u201d text_font=\u201d|600||on|||||\u201d text_font_size=\u201c19px\u201d custom_margin=\u201d||3px|\u201d saved_tabs=\u201call\u201d global_colors_info=\u201d{}\u201d]<\/p>\n<div style=\"box-sizing: border-box; font-family: 'Segoe UI', system-ui, 'Apple Color Emoji', 'Segoe UI Emoji', sans-serif;\">Know some\u00adone who might be inter\u00adest\u00aded? Share this position!<\/div>\n<p>[\/et_pb_text][et_pb_sidebar area=\u201cet_pb_widget_area_2\u201d show_border=\u201coff\u201d _builder_version=\u201c4.16\u201d saved_tabs=\u201call\u201d global_colors_info=\u201d{}\u201d][\/et_pb_sidebar][\/et_pb_column][\/et_pb_row][et_pb_row column_structure=\u201c1_4,1_4,1_2\u201d _builder_version=\u201c4.16\u201d background_size=\u201cinitial\u201d background_position=\u201ctop_left\u201d background_repeat=\u201crepeat\u201d global_\u200bcolors_\u200binfo=\u201d{}\u201d theme_builder_area=\u201cpost_content\u201d][et_pb_column type=\u201c1_4\u201d _builder_version=\u201c4.16\u201d custom_\u200bpadding=\u201d|||\u201d global_\u200bcolors_\u200binfo=\u201d{}\u201d custom_\u200bpadding_\u200b_\u200bhover=\u201d|||\u201d theme_builder_area=\u201cpost_content\u201d][\/et_pb_column][et_pb_column type=\u201c1_4\u201d _builder_version=\u201c4.16\u201d custom_\u200bpadding=\u201d|||\u201d global_\u200bcolors_\u200binfo=\u201d{}\u201d custom_\u200bpadding_\u200b_\u200bhover=\u201d|||\u201d theme_builder_area=\u201cpost_content\u201d][et_pb_image src=\u201chttps:\/\/isletgroup.fi\/wp-content\/uploads\/2022\/11\/Eriika-Hiltunen-round.png\u201d title_text=\u201cEriika Hiltunen-round\u201d url_new_window=\u201con\u201d align=\u201ccenter\u201d align_tablet=\u201ccenter\u201d align_\u200bphone=\u201d\u201d align_last_edited=\u201con|desktop\u201d _builder_version=\u201c4.17.4\u201d width=\u201c85%\u201d global_\u200bcolors_\u200binfo=\u201d{}\u201d theme_builder_area=\u201cpost_content\u201d][\/et_pb_image][et_pb_text _builder_version=\u201c4.17.4\u201d custom_margin=\u201d|-10px||-30px|false|false\u201d global_\u200bcolors_\u200binfo=\u201d{}\u201d theme_builder_area=\u201cpost_content\u201d]<\/p>\n<p style=\"text-align: center;\">Eri\u00adika Hiltunen<br>Chief Peo\u00adple Offi\u00adcer, Islet\u00adter<br><a href=\"mailto:eriika.hiltunen@isletgroup.fi\">eriika.\u200bhiltunen@\u200bisletgroup.\u200bfi<\/a><br>+358 408 320&nbsp;828<\/p>\n<p>[\/et_pb_text][\/et_pb_column][et_pb_column type=\u201c1_2\u201d _builder_version=\u201c4.16\u201d custom_\u200bpadding=\u201d|||\u201d global_\u200bcolors_\u200binfo=\u201d{}\u201d custom_\u200bpadding_\u200b_\u200bhover=\u201d|||\u201d theme_builder_area=\u201cpost_content\u201d][et_pb_text admin_label=\u201cmore infor\u00adma\u00adtion text (fill it if you want to\u201d _builder_version=\u201c4.16\u201d custom_margin=\u201d||40px|||\u201d global_\u200bcolors_\u200binfo=\u201d{}\u201d theme_builder_area=\u201cpost_content\u201d][\/et_pb_text][et_pb_button button_url=\u201cmailto:eriika.hiltunen@isletgroup.fi\u201d url_new_window=\u201con\u201d button_text=\u201cGet in touch to hear more\u201d button_alignment=\u201ccenter\u201d admin_label=\u201cemail\/get in touch but\u00adton\u201d module_class=\u201cCTA_box_bedrock\u201d _builder_version=\u201c4.17.4\u201d custom_margin=\u201c140px||||false|false\u201d global_\u200bcolors_\u200binfo=\u201d{}\u201d button_text_size__hover_enabled=\u201coff\u201d button_one_text_size__hover_enabled=\u201coff\u201d button_two_text_size__hover_enabled=\u201coff\u201d button_text_color__hover_enabled=\u201coff\u201d button_one_text_color__hover_enabled=\u201coff\u201d button_two_text_color__hover_enabled=\u201coff\u201d button_border_width__hover_enabled=\u201coff\u201d button_one_border_width__hover_enabled=\u201coff\u201d button_two_border_width__hover_enabled=\u201coff\u201d button_border_color__hover_enabled=\u201coff\u201d button_one_border_color__hover_enabled=\u201coff\u201d button_two_border_color__hover_enabled=\u201coff\u201d button_border_radius__hover_enabled=\u201coff\u201d button_one_border_radius__hover_enabled=\u201coff\u201d button_two_border_radius__hover_enabled=\u201coff\u201d button_letter_spacing__hover_enabled=\u201coff\u201d button_one_letter_spacing__hover_enabled=\u201coff\u201d button_two_letter_spacing__hover_enabled=\u201coff\u201d button_bg_color__hover_enabled=\u201coff\u201d button_one_bg_color__hover_enabled=\u201coff\u201d button_two_bg_color__hover_enabled=\u201coff\u201d theme_builder_area=\u201cpost_content\u201d][\/et_pb_button][\/et_pb_column][\/et_pb_row][\/et_pb_section]<\/p>\n","protected":false},"excerpt":{"rendered":"<p>SAP LOGIS\u00adTICS CON\u00adSUL\u00adTANT&nbsp;We are look\u00ading for a&nbsp;gen\u00aduine, hon\u00adest and for\u00adward-look\u00ading SAP Logis\u00adtics Con\u00adsul\u00adtant. You are used to meet\u00ading chal\u00adlenges and sur\u00adviv\u00ading, even when the waves rise high. When talk\u00ading about future, you stride to the shore, jump\u00ading from one rock to anoth\u00ader, raise your binoc\u00adu\u00adlars and look at the hori\u00adzon. Not fazed&nbsp;as&nbsp;[\u2026]<\/p>\n","protected":false},"author":20,"featured_media":0,"parent":0,"menu_order":0,"comment_status":"closed","ping_status":"closed","template":"","meta":{"_acf_changed":false,"_et_pb_use_builder":"on","_et_pb_old_content":"<p>[et_pb_section bb_built=\"1\" fullwidth=\"on\" _builder_version=\"3.0.47\" next_background_color=\"#000000\"][et_pb_fullwidth_image src=\"https:\/\/isletgroup.fi\/wp-content\/uploads\/2018\/09\/Islet_lindqvist_juliana__nikunen_valtteri_700_2852.jpg\" _builder_version=\"3.13.1\"] [\/et_pb_fullwidth_image][\/et_pb_section][et_pb_section bb_built=\"1\" _builder_version=\"3.0.47\" prev_background_color=\"#000000\"][et_pb_row _builder_version=\"3.13.1\"][et_pb_column type=\"4_4\"][et_pb_text _builder_version=\"3.13.1\" text_text_color=\"#ffffff\" header_text_color=\"#ffffff\" background_color=\"#d9424b\" custom_padding=\"20px||20px|\"]<\/p><h1 style=\"text-align: center;\">\u00a0SAP LOGISTIIKAN KONSULTTI<\/h1><p>[\/et_pb_text][\/et_pb_column][\/et_pb_row][et_pb_row _builder_version=\"3.0.48\" background_size=\"initial\" background_position=\"top_left\" background_repeat=\"repeat\"][et_pb_column type=\"4_4\"][et_pb_text _builder_version=\"3.13.1\"]<\/p><p><strong>Etsimme aitoa, konstailematonta ja eteenp\u00e4in pyrkiv\u00e4\u00e4 SAP-asiantuntijaa. Olet tottunut vastaamaan haasteisiin ja selviytym\u00e4\u00e4n silloinkin, kun aallot nousevat korkealle. Kun tulee puhe tulevaisuudesta, harpot pitkin askelin rantaan, hypp\u00e4\u00e4t tottuneesti kivelt\u00e4 toiselle, nostat kiikarit silmille ja katsot horisonttiin. Vaikka et h\u00f6tkyile maailman muuttuessa ymp\u00e4rill\u00e4, olet aina valmis ottamaan uuden vastaan ja avaamaan muille yh\u00e4 laajemman n\u00e4kym\u00e4n. Sinut tunnistaa pilkkeest\u00e4 silm\u00e4kulmassa.<\/strong><\/p><p>Etsimme aitoa, konstailematonta ja eteenp\u00e4in pyrkiv\u00e4\u00e4 SAP Logistiikan asiantuntijaa. Olet tottunut vastaamaan haasteisiin ja selviytym\u00e4\u00e4n silloinkin, kun aallot nousevat korkealle. Kun tulee puhe tulevaisuudesta, harpot pitkin askelin rantaan, hypp\u00e4\u00e4t tottuneesti kivelt\u00e4 toiselle, nostat kiikarit silmille ja katsot horisonttiin. Vaikka et h\u00f6tkyile maailman muuttuessa ymp\u00e4rill\u00e4, olet aina valmis ottamaan uuden vastaan ja avaamaan muille yh\u00e4 laajemman n\u00e4kym\u00e4n. Sinut tunnistaa pilkkeest\u00e4 silm\u00e4kulmassa.<\/p><p><strong>Isletterin\u00e4 toivomme sinulta<\/strong> kokemusta SAP Logistiikasta ja intohimoa hankinnan, myynnin, tuotannon, varastonhallinnan ja\/tai toimitusketjun hallinnan prosessien syv\u00e4osaamiseen. Arvostamme avoimuutta, motivaatiota ja kyky\u00e4 omaksua uutta. Toivomme sinulla olevan mutkaton kommunikointityyli ja hyv\u00e4t priorisointitaidot, sek\u00e4 itseohjautuva ja joustava ty\u00f6skentelyote. Aito halu auttaa asiakasta ja kyky hoitaa teht\u00e4v\u00e4si laadukkaasti ja ammattitaidolla ovat ty\u00f6ss\u00e4 menestymisesi kulmakivi\u00e4.<\/p><p><strong>Isletill\u00e4 sinua odottaa<\/strong> motivoitunut tiimi, monipuoliset teht\u00e4v\u00e4t ja mahdollisuus oppia uutta. SAP Logistiikan konsulttina ratkaiset asiakkaidemme liiketoiminnan synnytt\u00e4mi\u00e4 tarpeita yhdess\u00e4 muiden Isletterien kanssa. P\u00e4\u00e4set ty\u00f6skentelem\u00e4\u00e4n teknologian aallonharjalla kiinnostavissa projekteissa, joissa annamme sinun k\u00e4denj\u00e4lkesi n\u00e4ky\u00e4. Saat kokea onnistumisen tunteita, l\u00e4mmint\u00e4 ryhm\u00e4henke\u00e4 ja iloisen tekemisen ilmapiirin. Lis\u00e4ksi saarellamme on miellytt\u00e4v\u00e4 ja moderni ty\u00f6ymp\u00e4rist\u00f6, reilu palkitseminen, ja joustavat ty\u00f6ajat. Ty\u00f6ntekij\u00e4mme ovat yrityksemme t\u00e4rkein voimavara ja uskomme, ett\u00e4 hyv\u00e4ll\u00e4 fiiliksell\u00e4 saadaan aikaan paras lopputulos. Jaamme tietotaitoamme, autamme toisiamme ja arvostamme monimuotoisuutta.<\/p><p>\u00a0<\/p><p>L\u00e4het\u00e4 hakemuksesi ja CV:si otsikolla \u201c<strong>SAP Logistiikan konsultti<\/strong>\u201d COO Heidi Sinisalolle: <a href=\"mailto:heidi.sinisalo@isletgroup.fi\"><strong>heidi.sinisalo@isletgroup.fi<\/strong><\/a>\u00a0 ja olemme sinuun yhteydess\u00e4. T\u00e4yt\u00e4mme paikan heti uuden Isletterin l\u00f6ydytty\u00e4, joten jos kiinnostuit, j\u00e4t\u00e4 hakemuksesi mahdollisimman pian.<\/p><p>\u00a0<\/p><p>\u00a0<\/p><p>\u00a0<\/p><p>#SAP #SAPLogistiikka #SAPLogistics #taloushallinto #Fiori #S\/4HANA #materiaalihallinto #varastonhallinta #tuotanto #hankinta #myynti #osto #toimitusketjunhallinta #rekrytointi<\/p><p><strong>\u00a0<\/strong><\/p><p>\u00a0<\/p><p>[\/et_pb_text][\/et_pb_column][\/et_pb_row][\/et_pb_section]<\/p>","_et_gb_content_width":"","wp_typography_post_enhancements_disabled":false,"footnotes":""},"class_list":["post-10809","page","type-page","status-publish","hentry"],"acf":[],"_links":{"self":[{"href":"https:\/\/isletgroup.fi\/en\/wp-json\/wp\/v2\/pages\/10809","targetHints":{"allow":["GET"]}}],"collection":[{"href":"https:\/\/isletgroup.fi\/en\/wp-json\/wp\/v2\/pages"}],"about":[{"href":"https:\/\/isletgroup.fi\/en\/wp-json\/wp\/v2\/types\/page"}],"author":[{"embeddable":true,"href":"https:\/\/isletgroup.fi\/en\/wp-json\/wp\/v2\/users\/20"}],"replies":[{"embeddable":true,"href":"https:\/\/isletgroup.fi\/en\/wp-json\/wp\/v2\/comments?post=10809"}],"version-history":[{"count":3,"href":"https:\/\/isletgroup.fi\/en\/wp-json\/wp\/v2\/pages\/10809\/revisions"}],"predecessor-version":[{"id":230314,"href":"https:\/\/isletgroup.fi\/en\/wp-json\/wp\/v2\/pages\/10809\/revisions\/230314"}],"wp:attachment":[{"href":"https:\/\/isletgroup.fi\/en\/wp-json\/wp\/v2\/media?parent=10809"}],"curies":[{"name":"wp","href":"https:\/\/api.w.org\/{rel}","templated":true}]}}