{"id":10805,"date":"2020-03-05T14:13:45","date_gmt":"2020-03-05T12:13:45","guid":{"rendered":"https:\/\/isletgroup.fi\/?page_id=10805"},"modified":"2020-03-11T15:45:05","modified_gmt":"2020-03-11T13:45:05","slug":"sap-finance-lead","status":"publish","type":"page","link":"https:\/\/isletgroup.fi\/en\/sap-finance-lead\/","title":{"rendered":"SAP Finance Lead"},"content":{"rendered":"<p>[et_\u200bpb_\u200bsection bb_built=\u201c1\u201d fullwidth=\u201con\u201d _builder_version=\u201c3.0.47\u201d next_background_color=\u201c#000000\u201d][et_pb_fullwidth_image src=\u201chttps:\/\/isletgroup.fi\/wp-content\/uploads\/2018\/09\/Islet_lindqvist_juliana__nikunen_valtteri_700_2852.jpg\u201d _builder_version=\u201c3.13.1\u201d \/][\/et_pb_section][et_pb_section bb_built=\u201c1\u201d _builder_version=\u201c3.0.47\u201d prev_background_color=\u201c#000000\u201d][et_pb_row _builder_version=\u201c3.13.1\u201d][et_pb_column type=\u201c4_4\u201d][et_pb_text _builder_version=\u201c3.13.1\u201d text_text_color=\u201d#ffffff\u201d header_text_color=\u201d#ffffff\u201d background_color=\u201d#d9424b\u201d custom_padding=\u201c20px||20px|\u201d header_font_size=\u201c16px\u201d]<\/p>\n<h1 style=\"text-align: center;\">SAP FINANCE LEAD<\/h1>\n<p>[\/et_pb_text][\/et_pb_column][\/et_pb_row][et_pb_row _builder_version=\u201c3.0.48\u201d background_size=\u201cinitial\u201d background_position=\u201ctop_left\u201d background_repeat=\u201crepeat\u201d][et_pb_column type=\u201c4_4\u201d][et_pb_text _builder_version=\u201c3.13.1\u201d]<\/p>\n<p><strong>We are look\u00ading for a&nbsp;gen\u00aduine, <\/strong><strong>hon\u00adest<\/strong><strong> and for\u00adward-look\u00ading <\/strong><strong>SAP Finance Lead<\/strong><strong>. You are used to meet\u00ading chal\u00adlenges and sur\u00adviv\u00ading, even when the waves rise high. When <\/strong><strong>talk\u00ading about<\/strong><strong> future, <\/strong><strong>you stride<\/strong><strong> to<\/strong><strong> the<\/strong> <strong>shore<\/strong><strong>, jump\u00ading from one rock to anoth\u00ader, <\/strong><strong>raise your <\/strong><strong>binoc\u00adu\u00adlars and look at the hori\u00adzon. <\/strong><strong>Not fazed<\/strong><strong> as the world changes, you are always ready to take on the new and <\/strong><strong>to <\/strong><strong>ope<\/strong><strong>n<\/strong><strong> a&nbsp;wider <\/strong><strong>view<\/strong><strong> for oth\u00aders. You <\/strong><strong>have a<\/strong> <strong>twin\u00adkle<\/strong> <strong>in your<\/strong><strong> eye.<\/strong><\/p>\n<p><strong>As an Islet\u00adter<\/strong>, you have expe\u00adri\u00adence in SAP Finance and a&nbsp;pas\u00adsion for pro\u00adfound finan\u00adcial man\u00adage\u00adment process\u00ades. You are an appli\u00adca\u00adtion archi\u00adtect who devel\u00adops the under\u00adstand\u00ading and devel\u00adop\u00adment of the appli\u00adca\u00adtion by Islet\u00adter and cus\u00adtomers. Based on your exten\u00adsive expe\u00adri\u00adence, you will lead the work of oth\u00aders and act as a&nbsp;con\u00adsul\u00adtant and field archi\u00adtect in lead\u00ading projects. We val\u00adue open\u00adness, moti\u00adva\u00adtion and the abil\u00adi\u00adty to absorb new things. We hope you have a&nbsp;straight\u00adfor\u00adward com\u00admu\u00adni\u00adca\u00adtion style and good pri\u00ador\u00adi\u00adti\u00adza\u00adtion skills, as well as a&nbsp;self-direct\u00aded and flex\u00adi\u00adble way of work\u00ading. A&nbsp;gen\u00aduine desire to help the cus\u00adtomer and the abil\u00adi\u00adty to car\u00adry out your tasks with high qual\u00adi\u00adty and pro\u00adfes\u00adsion\u00adal\u00adism are the cor\u00adner\u00adstones of your suc\u00adcess at&nbsp;work.<\/p>\n<p><strong>At Islet you will be greet\u00aded by<\/strong> a&nbsp;moti\u00advat\u00aded team, ver\u00adsa\u00adtile tasks and oppor\u00adtu\u00adni\u00adties to learn new things. As an SAP Finance Lead, you work with oth\u00ader Islet\u00adters to solve the busi\u00adness needs of our cus\u00adtomers. You\u2019ll be work\u00ading with the lat\u00adest tech\u00adnol\u00ado\u00adgy and in inter\u00adest\u00ading projects where you can make an impact. You will expe\u00adri\u00adence suc\u00adcess, a&nbsp;warm team spir\u00adit and a&nbsp;great work\u00ading atmos\u00adphere. Our island offers a&nbsp;pleas\u00adant and mod\u00adern work\u00ading envi\u00adron\u00adment, fair rewards, and flex\u00adi\u00adble work\u00ading hours. Our employ\u00adees are the most impor\u00adtant asset of our com\u00adpa\u00adny and we believe that work\u00ading with a&nbsp;good mood deliv\u00aders the best results. We share our know-how, help each oth\u00ader and val\u00adue diversity.<\/p>\n<p><\/p>\n<p>Send your appli\u00adca\u00adtion and CV with the title \u201c<strong>SAP Finance Lead<\/strong>\u201d to COO Hei\u00addi Sin\u00adisa\u00adlo: <a href=\"mailto:heidi.sinisalo@isletgroup.fi\">heidi.\u200bsinisalo@\u200bisletgroup.\u200bfi<\/a> and we will be in touch. The posi\u00adtion will be filled as soon as the new Islet\u00adter is found, so if you are inter\u00adest\u00aded, please sub\u00admit your appli\u00adca\u00adtion as soon as possible.<\/p>\n<p><\/p>\n<p><\/p>\n<p>#SAP #SAP\u00adFi\u00adnance #S\/4HANA&nbsp;#Fiori #archi\u00adtect #recruit\u00ading<\/p>\n<p>[\/et_pb_text][et_pb_text _builder_version=\u201c3.13.1\u201d text_font=\u201d|600||on|||||\u201d text_font_size=\u201c19px\u201d custom_margin=\u201d||3px|\u201d saved_tabs=\u201call\u201d]<\/p>\n<div style=\"box-sizing: border-box; font-family: 'Segoe UI', system-ui, 'Apple Color Emoji', 'Segoe UI Emoji', sans-serif;\">Know some\u00adone who might be inter\u00adest\u00aded? Share this position!<\/div>\n<p>[\/et_pb_text][et_pb_sidebar _builder_version=\u201c3.13.1\u201d area=\u201cet_pb_widget_area_2\u201d show_border=\u201coff\u201d saved_tabs=\u201call\u201d \/][\/et_pb_column][\/et_pb_row][\/et_pb_section]<\/p>\n","protected":false},"excerpt":{"rendered":"<p>SAP FINANCE LEAD We are look\u00ading for a&nbsp;gen\u00aduine, hon\u00adest and for\u00adward-look\u00ading SAP Finance Lead. You are used to meet\u00ading chal\u00adlenges and sur\u00adviv\u00ading, even when the waves rise high. When talk\u00ading about future, you stride to the shore, jump\u00ading from one rock to anoth\u00ader, raise your binoc\u00adu\u00adlars and look at the hori\u00adzon. Not fazed&nbsp;as&nbsp;[\u2026]<\/p>\n","protected":false},"author":20,"featured_media":0,"parent":0,"menu_order":0,"comment_status":"closed","ping_status":"closed","template":"","meta":{"_acf_changed":false,"_et_pb_use_builder":"on","_et_pb_old_content":"<p>[et_pb_section bb_built=\"1\" fullwidth=\"on\" _builder_version=\"3.0.47\" next_background_color=\"#000000\"][et_pb_fullwidth_image src=\"https:\/\/isletgroup.fi\/wp-content\/uploads\/2018\/09\/Islet_lindqvist_juliana__nikunen_valtteri_700_2852.jpg\" _builder_version=\"3.13.1\"] [\/et_pb_fullwidth_image][\/et_pb_section][et_pb_section bb_built=\"1\" _builder_version=\"3.0.47\" prev_background_color=\"#000000\"][et_pb_row _builder_version=\"3.13.1\"][et_pb_column type=\"4_4\"][et_pb_text _builder_version=\"3.13.1\" text_text_color=\"#ffffff\" header_text_color=\"#ffffff\" background_color=\"#d9424b\" custom_padding=\"20px||20px|\"]<\/p><h1 style=\"text-align: center;\">\u00a0JOHTAVA SAP TALOUDEN KONSULTTI<\/h1><p>[\/et_pb_text][\/et_pb_column][\/et_pb_row][et_pb_row _builder_version=\"3.0.48\" background_size=\"initial\" background_position=\"top_left\" background_repeat=\"repeat\"][et_pb_column type=\"4_4\"][et_pb_text _builder_version=\"3.13.1\"]<\/p><p><strong>Etsimme aitoa, konstailematonta ja eteenp\u00e4in pyrkiv\u00e4\u00e4 Johtavaa SAP Talouden konsulttia. Olet tottunut vastaamaan haasteisiin ja selviytym\u00e4\u00e4n silloinkin, kun aallot nousevat korkealle. Kun tulee puhe tulevaisuudesta, harpot pitkin askelin rantaan, hypp\u00e4\u00e4t tottuneesti kivelt\u00e4 toiselle, nostat kiikarit silmille ja katsot horisonttiin. Vaikka et h\u00f6tkyile maailman muuttuessa ymp\u00e4rill\u00e4, olet aina valmis ottamaan uuden vastaan ja avaamaan muille yh\u00e4 laajemman n\u00e4kym\u00e4n. Sinut tunnistaa pilkkeest\u00e4 silm\u00e4kulmassa.<\/strong><\/p><p><strong>Isletterin\u00e4 toivomme sinulta<\/strong> kokemusta SAP Taloushallinnosta ja intohimoa taloushallinnon prosessien syv\u00e4osaamiseen. Olet sovellusalueen arkkitehti, joka kehitt\u00e4\u00e4 Islettereiden ja asiakkaiden ymm\u00e4rryst\u00e4 sovellusalueesta ja sen kehittymisest\u00e4. Ohjaat laajaan kokemukseesi perustuen muiden ty\u00f6t\u00e4 sek\u00e4 toimit konsulttina ja sovellusalueen arkkitehtin\u00e4 k\u00e4rkihankkeissa. Arvostamme avoimuutta, motivaatiota ja kyky\u00e4 omaksua uutta. Toivomme sinulla olevan mutkaton kommunikointityyli ja hyv\u00e4t priorisointitaidot, sek\u00e4 itseohjautuva ja joustava ty\u00f6skentelyote. Aito halu auttaa asiakasta ja kyky hoitaa teht\u00e4v\u00e4si laadukkaasti ja ammattitaidolla ovat ty\u00f6ss\u00e4 menestymisesi kulmakivi\u00e4.<\/p><p><strong>Isletill\u00e4 sinua odottaa<\/strong> motivoitunut tiimi, monipuoliset teht\u00e4v\u00e4t ja mahdollisuus oppia uutta. SAP Talouden konsulttina ratkaiset asiakkaidemme liiketoiminnan synnytt\u00e4mi\u00e4 tarpeita yhdess\u00e4 muiden Isletterien kanssa. P\u00e4\u00e4set ty\u00f6skentelem\u00e4\u00e4n teknologian aallonharjalla kiinnostavissa projekteissa, joissa annamme sinun k\u00e4denj\u00e4lkesi n\u00e4ky\u00e4. Saat kokea onnistumisen tunteita, l\u00e4mmint\u00e4 ryhm\u00e4henke\u00e4 ja iloisen tekemisen ilmapiirin. Lis\u00e4ksi saarellamme on miellytt\u00e4v\u00e4 ja moderni ty\u00f6ymp\u00e4rist\u00f6, reilu palkitseminen, ja joustavat ty\u00f6ajat. Ty\u00f6ntekij\u00e4mme ovat yrityksemme t\u00e4rkein voimavara ja uskomme, ett\u00e4 hyv\u00e4ll\u00e4 fiiliksell\u00e4 saadaan aikaan paras lopputulos. Jaamme tietotaitoamme, autamme toisiamme ja arvostamme monimuotoisuutta.<\/p><p>\u00a0<\/p><p>L\u00e4het\u00e4 hakemuksesi ja CV:si otsikolla \u201c<strong>Johtava SAP Talouden asiantuntija<\/strong>\u201d COO Heidi Sinisalolle: <a href=\"mailto:heidi.sinisalo@isletgroup.fi\"><strong>heidi.sinisalo@isletgroup.fi<\/strong><\/a>\u00a0 ja olemme sinuun yhteydess\u00e4. T\u00e4yt\u00e4mme paikan heti uuden Isletterin l\u00f6ydytty\u00e4, joten jos kiinnostuit, j\u00e4t\u00e4 hakemuksesi mahdollisimman pian.<\/p><p>\u00a0<\/p><p>\u00a0<\/p><p>\u00a0<\/p><p>#SAP #SAPTalous #SAPFinance #taloushallinto #S\/4HANA \u00a0#Fiori #arkkitehti #rekrytointi<\/p><p><strong>\u00a0<\/strong><\/p><p>\u00a0<\/p><p>[\/et_pb_text][\/et_pb_column][\/et_pb_row][\/et_pb_section]<\/p>","_et_gb_content_width":"","wp_typography_post_enhancements_disabled":false,"footnotes":""},"class_list":["post-10805","page","type-page","status-publish","hentry"],"acf":[],"_links":{"self":[{"href":"https:\/\/isletgroup.fi\/en\/wp-json\/wp\/v2\/pages\/10805","targetHints":{"allow":["GET"]}}],"collection":[{"href":"https:\/\/isletgroup.fi\/en\/wp-json\/wp\/v2\/pages"}],"about":[{"href":"https:\/\/isletgroup.fi\/en\/wp-json\/wp\/v2\/types\/page"}],"author":[{"embeddable":true,"href":"https:\/\/isletgroup.fi\/en\/wp-json\/wp\/v2\/users\/20"}],"replies":[{"embeddable":true,"href":"https:\/\/isletgroup.fi\/en\/wp-json\/wp\/v2\/comments?post=10805"}],"version-history":[{"count":0,"href":"https:\/\/isletgroup.fi\/en\/wp-json\/wp\/v2\/pages\/10805\/revisions"}],"wp:attachment":[{"href":"https:\/\/isletgroup.fi\/en\/wp-json\/wp\/v2\/media?parent=10805"}],"curies":[{"name":"wp","href":"https:\/\/api.w.org\/{rel}","templated":true}]}}